{"id":727,"date":"2025-09-23T10:50:12","date_gmt":"2025-09-23T08:50:12","guid":{"rendered":"https:\/\/s5.mikrocontroller.bplaced.net\/blog\/?page_id=727"},"modified":"2025-10-07T22:21:37","modified_gmt":"2025-10-07T20:21:37","slug":"simatic-s5-pg-655","status":"publish","type":"page","link":"https:\/\/s5.mikrocontroller.bplaced.net\/blog\/simatic-s5-pgs\/simatic-s5-pg-655\/","title":{"rendered":"Simatic S5 PG 655"},"content":{"rendered":"\n<p>Simatic S5 PG 655 \u2013 Ein Klassiker der Automatisierungstechnik<\/p>\n\n\n\n<figure class=\"wp-block-image size-full\"><img loading=\"lazy\" decoding=\"async\" width=\"598\" height=\"572\" src=\"https:\/\/s5.mikrocontroller.bplaced.net\/blog\/wp-content\/uploads\/2025\/09\/image-12.png\" alt=\"\" class=\"wp-image-728\" srcset=\"https:\/\/s5.mikrocontroller.bplaced.net\/blog\/wp-content\/uploads\/2025\/09\/image-12.png 598w, https:\/\/s5.mikrocontroller.bplaced.net\/blog\/wp-content\/uploads\/2025\/09\/image-12-300x287.png 300w\" sizes=\"auto, (max-width: 598px) 100vw, 598px\" \/><\/figure>\n\n\n\n<p>Das Programmierger\u00e4t (PG) 655 R ist eines der allerersten tragbaren Rechner von Siemens, das speziell f\u00fcr die Programmierung von speicherprogrammierbaren Steuerungen (SPS) der SIMATIC S5-Familie entwickelt wurde. Mit seiner hochklappbaren Funktionstastatur und dem 23-cm-Monochrom-R\u00f6hrenbildschirm (CRT) bot es eine einfache, benutzerfreundliche Plattform zum Erstellen, Testen und Dokumentieren von STEP-5-Anwenderprogrammen \u2013 prim\u00e4r f\u00fcr die kompakten Rack-Steuerger\u00e4te AG S5-101R und AG S5-105R. Als Pionier aus den fr\u00fchen 1980er Jahren war es ein Meilenstein f\u00fcr mobile SPS-Arbeit.<\/p>\n\n\n\n<p><strong>Funktionen und Einsatzm\u00f6glichkeiten<\/strong> Das PG 655 unterst\u00fctzt ausschlie\u00dflich die Darstellungsart <strong>R-Kontaktplan (R-KOP)<\/strong> \u2013 eine relaisbasierte Ladder-Logik f\u00fcr bis zu 128 Rungs pro Programm. Es l\u00e4uft im Offline-Modus (lokale Bearbeitung) oder Online-Modus (direkte Kopplung mit S5-AGs via 20-mA- oder RS-232-Schnittstelle), was es flexibel f\u00fcr Entwicklung und Produktionswartung macht. Limitiert auf Basics, aber zuverl\u00e4ssig f\u00fcr kleine Anwendungen.<\/p>\n\n\n\n<p>Ein externer Drucker (z. B. Matrixdrucker) erm\u00f6glicht Hardcopies von Programmen und \u00dcbersichten. Die integrierte EPROM-Programmiereinrichtung erlaubt das dauerhafte Speichern von Programmen auf EPROM-Modulen (z. B. 2716\/2732), inklusive Lesen, Schreiben und L\u00f6schen.<\/p>\n\n\n\n<p><strong>Technische Besonderheiten<\/strong> Das Betriebssystem \u2013 ein eingebetteter Monitor basierend auf CP\/M-Prinzipien \u2013 wird direkt von einer EPROM-Karte geladen und startet automatisch nach dem Einschalten. Diese medienlose L\u00f6sung sorgt f\u00fcr hohe Zuverl\u00e4ssigkeit in industriellen Umgebungen (Schutzart IP20, Betriebstemperatur 0\u201345 \u00b0C). Hier die Kern-Specs im \u00dcberblick:<\/p>\n\n\n\n<figure class=\"wp-block-table\"><table class=\"has-fixed-layout\"><thead><tr><th>Komponente<\/th><th>Details<\/th><\/tr><\/thead><tbody><tr><td><strong>Display<\/strong><\/td><td>23 cm Monochrom-CRT (gr\u00fcn, 80 \u00d7 24 Zeichen)<\/td><\/tr><tr><td><strong>Prozessor<\/strong><\/td><td>Z80A (4 MHz)<\/td><\/tr><tr><td><strong>Speicher<\/strong><\/td><td>64 KB RAM, EPROM-Programmierer (bis 32 KB)<\/td><\/tr><tr><td><strong>Tastatur<\/strong><\/td><td>Hochklappbar, 32 Funktionstasten + Alphanumerik<\/td><\/tr><tr><td><strong>Anschl\u00fcsse<\/strong><\/td><td>AG-Schnittstelle (20 mA), RS-232 (Drucker), EPROM-Socket<\/td><\/tr><tr><td><strong>Gewicht\/Ma\u00dfe<\/strong><\/td><td>Ca. 12 kg, 400 \u00d7 250 \u00d7 300 mm<\/td><\/tr><tr><td><strong>Stromversorgung<\/strong><\/td><td>100\u2013240 VAC, 50\/60 Hz<\/td><\/tr><\/tbody><\/table><\/figure>\n\n\n\n<p>Fazit Das SIMATIC S5 PG 655 ist ein bew\u00e4hrtes Relikt der Automatisierungsgeschichte: Robust, minimalistisch und heute rar als Sammlerst\u00fcck. Es verk\u00f6rpert die Ingenieurskunst der S5-Serie und ebnete den Weg f\u00fcr fortschrittlichere Modelle wie das PG 675. Hast du so ein Urgestein noch im Einsatz \u2013 oder Erinnerungen daran? Teilt eure Geschichten!<\/p>\n\n\n\n<p><\/p>\n","protected":false},"excerpt":{"rendered":"<p>Simatic S5 PG 655 \u2013 Ein Klassiker der Automatisierungstechnik Das Programmierger\u00e4t (PG) 655 R ist eines der allerersten tragbaren Rechner von Siemens, das speziell f\u00fcr die Programmierung von speicherprogrammierbaren Steuerungen (SPS) der SIMATIC S5-Familie entwickelt wurde. Mit seiner hochklappbaren Funktionstastatur &hellip; <a href=\"https:\/\/s5.mikrocontroller.bplaced.net\/blog\/simatic-s5-pgs\/simatic-s5-pg-655\/\">Weiterlesen <span class=\"meta-nav\">&rarr;<\/span><\/a><\/p>\n","protected":false},"author":1,"featured_media":0,"parent":253,"menu_order":7,"comment_status":"closed","ping_status":"closed","template":"","meta":{"footnotes":""},"class_list":["post-727","page","type-page","status-publish","hentry"],"_links":{"self":[{"href":"https:\/\/s5.mikrocontroller.bplaced.net\/blog\/wp-json\/wp\/v2\/pages\/727","targetHints":{"allow":["GET"]}}],"collection":[{"href":"https:\/\/s5.mikrocontroller.bplaced.net\/blog\/wp-json\/wp\/v2\/pages"}],"about":[{"href":"https:\/\/s5.mikrocontroller.bplaced.net\/blog\/wp-json\/wp\/v2\/types\/page"}],"author":[{"embeddable":true,"href":"https:\/\/s5.mikrocontroller.bplaced.net\/blog\/wp-json\/wp\/v2\/users\/1"}],"replies":[{"embeddable":true,"href":"https:\/\/s5.mikrocontroller.bplaced.net\/blog\/wp-json\/wp\/v2\/comments?post=727"}],"version-history":[{"count":5,"href":"https:\/\/s5.mikrocontroller.bplaced.net\/blog\/wp-json\/wp\/v2\/pages\/727\/revisions"}],"predecessor-version":[{"id":759,"href":"https:\/\/s5.mikrocontroller.bplaced.net\/blog\/wp-json\/wp\/v2\/pages\/727\/revisions\/759"}],"up":[{"embeddable":true,"href":"https:\/\/s5.mikrocontroller.bplaced.net\/blog\/wp-json\/wp\/v2\/pages\/253"}],"wp:attachment":[{"href":"https:\/\/s5.mikrocontroller.bplaced.net\/blog\/wp-json\/wp\/v2\/media?parent=727"}],"curies":[{"name":"wp","href":"https:\/\/api.w.org\/{rel}","templated":true}]}}