{"id":38,"date":"2023-03-05T22:35:17","date_gmt":"2023-03-05T22:35:17","guid":{"rendered":"https:\/\/s5.mikrocontroller.bplaced.net\/blog\/?page_id=38"},"modified":"2023-09-01T22:17:08","modified_gmt":"2023-09-01T22:17:08","slug":"simatic-s5-150","status":"publish","type":"page","link":"https:\/\/s5.mikrocontroller.bplaced.net\/blog\/simatic-s5-150\/","title":{"rendered":"Simatic S5-150"},"content":{"rendered":"\n<p>Simatic S5-150 \u2013 Modular aufgebautes Steuerger\u00e4t mit L\u00fcfter f\u00fcr komplexe und zentral koordinierende Automatisierungsl\u00f6sungen, im Jahr 1980 auf den Markt gebracht wurde dieses speicherprogrammierbare Steuerungssystem mit Analogwertverarbeitung.<\/p>\n\n\n\n<ul class=\"wp-block-list\">\n<li><a href=\"https:\/\/s5.mikrocontroller.bplaced.net\/blog\/wp-content\/uploads\/2023\/03\/S5-150A_Zentralgeraet.pdf\" target=\"_blank\" rel=\"noreferrer noopener\">S5-150A Zentralger\u00e4t.pdf<\/a><\/li>\n\n\n\n<li><a href=\"https:\/\/s5.mikrocontroller.bplaced.net\/blog\/wp-content\/uploads\/2023\/03\/S5-150K_Zentralgeraet.pdf\" target=\"_blank\" rel=\"noreferrer noopener\">S5-150K Zentralger\u00e4t.pdf<\/a><\/li>\n\n\n\n<li><a href=\"https:\/\/s5.mikrocontroller.bplaced.net\/blog\/wp-content\/uploads\/2023\/03\/S5-150U_Zentralgeraet.pdf\" target=\"_blank\" rel=\"noreferrer noopener\">S5-150U Zentralger\u00e4t.pdf<\/a><\/li>\n\n\n\n<li><a href=\"https:\/\/s5.mikrocontroller.bplaced.net\/blog\/wp-content\/uploads\/2023\/03\/S5-150S_Programmieranleitung.pdf\" target=\"_blank\" rel=\"noreferrer noopener\">S5-150S Programmieranleitung.pdf<\/a><\/li>\n\n\n\n<li><a href=\"https:\/\/s5.mikrocontroller.bplaced.net\/blog\/wp-content\/uploads\/2023\/03\/S5-150_Analogeingabebaugr_KompaktBF.pdf\" target=\"_blank\" rel=\"noreferrer noopener\">S5-150 Analogeingabebaugruppe Kompakt-Bauform.pdf<\/a><\/li>\n\n\n\n<li><a href=\"https:\/\/s5.mikrocontroller.bplaced.net\/blog\/wp-content\/uploads\/2023\/03\/S5-150_Aufbaurichtlinien_Kompktger.pdf\" target=\"_blank\" rel=\"noreferrer noopener\">S5-150 Aufbaurichtlinien Kompktger\u00e4te.pdf<\/a><\/li>\n\n\n\n<li><a href=\"https:\/\/s5.mikrocontroller.bplaced.net\/blog\/wp-content\/uploads\/2023\/03\/S5-150_Digitaleinbaugruppe_KompaktBF.pdf\" target=\"_blank\" rel=\"noreferrer noopener\">S5-150 Digitaleinbaugruppe Kompakt-Bauform.pdf<\/a><\/li>\n\n\n\n<li><a href=\"https:\/\/s5.mikrocontroller.bplaced.net\/blog\/wp-content\/uploads\/2023\/03\/S5-150_Speicherbaugruppe_340.pdf\" target=\"_blank\" rel=\"noreferrer noopener\">S5-150 Speicherbaugruppe 340.pdf<\/a><\/li>\n\n\n\n<li><a href=\"https:\/\/s5.mikrocontroller.bplaced.net\/blog\/wp-content\/uploads\/2023\/03\/S5-150_Speicherbaugruppe_350.pdf\" target=\"_blank\" rel=\"noreferrer noopener\">S5-150 Speicherbaugruppe 350.pdf<\/a><\/li>\n<\/ul>\n\n\n\n<ul class=\"wp-block-list\">\n<li>Simatic S5-150A \u2013 Ausf\u00fchrung in Robustbauform (Kartenbauform in Kapseln)<\/li>\n\n\n\n<li>Simatic S5-150K \u2013 Ausf\u00fchrung in Kompaktbauform (Kartenbauform)<\/li>\n\n\n\n<li>Simatic S5-150S \u2013 Ausf\u00fchrung in Rack-Ausf\u00fchrung (Kartenbauform)<\/li>\n\n\n\n<li>Simatic S5-150U \u2013 Ausf\u00fchrung in Rack-Ausf\u00fchrung (Kartenbauform)<\/li>\n<\/ul>\n\n\n\n<figure class=\"wp-block-table\"><table><thead><tr><th>CPUs 150er Serie<\/th><th>System<\/th><th>CPU<\/th><th>Interner Programm-\/Datenspeicher<\/th><th>Besonderheiten<\/th><\/tr><\/thead><tbody><tr><td>6ES5 924-3SA1x<\/td><td>S5-150S, S5-150U<\/td><td>CPU 924-3<\/td><td>\u2013 (nur externes RAM- oder EPROM-Modul)<\/td><td>Nur zusammen mit den CPUs 925-3, 926-3 und 927-3 betreibbar (3SA1x)<\/td><\/tr><tr><td>6ES5 925-3KA1x<\/td><td>S5-150K<\/td><td>CPU 925-3<\/td><td>\u2013 (nur externes RAM- oder EPROM-Modul)<\/td><td>Nur zusammen mit den CPUs 926-3 und 927-3 betreibbar (3KA1x)<\/td><\/tr><tr><td>6ES5 925-3SA1x<\/td><td>S5-150S, S5-150U<\/td><td>CPU 925-3<\/td><td>\u2013 (nur externes RAM- oder EPROM-Modul)<\/td><td>Nur zusammen mit den CPUs 924-3, 926-3 und 927-3 betreibbar (3SA1x)<\/td><\/tr><tr><td>6ES5 925-5AA1x<\/td><td>S5-150A<\/td><td>CPU 925-5<\/td><td>\u2013 (nur externes RAM- oder EPROM-Modul)<\/td><td>Nur zusammen mit den CPUs 926-5 und 927-5 betreibbar (5AA1x)<\/td><\/tr><tr><td>6ES5 926-3KA1x<\/td><td>S5-150K<\/td><td>CPU 926-3<\/td><td>\u2013 (nur externes RAM- oder EPROM-Modul)<\/td><td>Nur zusammen mit den CPUs 925-3 und 927-3 betreibbar (3KA1x)<\/td><\/tr><tr><td>6ES5 926-3SA1x<\/td><td>S5-150S, S5-150U<\/td><td>CPU 926-3<\/td><td>\u2013 (nur externes RAM- oder EPROM-Modul)<\/td><td>Nur zusammen mit den CPUs 924-3, 925-3 und 927-3 betreibbar (3SA1x)<\/td><\/tr><tr><td>6ES5 926-5AA1x<\/td><td>S5-150A<\/td><td>CPU 926-5<\/td><td>\u2013 (nur externes RAM- oder EPROM-Modul)<\/td><td>Nur zusammen mit den CPUs 925-5 und 926-5 betreibbar (5AA1x)<\/td><\/tr><tr><td>6ES5 927-3KA1x<\/td><td>S5-150K<\/td><td>CPU 927-3<\/td><td>\u2013 (nur externes RAM- oder EPROM-Modul)<\/td><td>Nur zusammen mit den CPUs 925-3 und 926-3 betreibbar (3KA1x)<\/td><\/tr><tr><td>6ES5 927-3SA1x<\/td><td>S5-150S, S5-150U<\/td><td>CPU 927-3<\/td><td>\u2013 (nur externes RAM- oder EPROM-Modul)<\/td><td>Nur zusammen mit den CPUs 924-3, 925-3 und 926-3 betreibbar (3SA1x)<\/td><\/tr><tr><td>6ES5 927-5AA1x<\/td><td>S5-150A<\/td><td>CPU 927-5<\/td><td>\u2013 (nur externes RAM- oder EPROM-Modul)<\/td><td>Nur zusammen mit den CPUs 925-5, 926-5 und 927-5 betreibbar (5AA1x)<\/td><\/tr><\/tbody><\/table><\/figure>\n\n\n\n<p>Siemens Simatic Automatisierungsger\u00e4t S5-150<\/p>\n\n\n\n<p>Das Siemens Simatic Automatisierungsger\u00e4t S5-150 ist ein zuverl\u00e4ssiges Steuerger\u00e4t, das in der Industrie weit verbreitet ist. Es handelt sich um eine modulare Steuerung, die mit verschiedenen Schnittstellen ausgestattet ist. Das S5-150 kann in einer Vielzahl von Anwendungen eingesetzt werden, von einfachen Steuerungsaufgaben bis hin zu komplexen Automatisierungsprozessen.<\/p>\n\n\n\n<p>Technische Daten<\/p>\n\n\n\n<p>Das S5-150 besteht aus einer CPU und verschiedenen Schnittstellenmodulen, die je nach Anforderungen des Systems ausgetauscht werden k\u00f6nnen. Hier sind einige der technischen Daten des S5-150:<\/p>\n\n\n\n<ul class=\"wp-block-list\">\n<li>Prozessor: 32-Bit-Mikroprozessor<\/li>\n\n\n\n<li>Speicher: 256 KB &#8211; 1 MB<\/li>\n\n\n\n<li>Anzahl der digitalen Eing\u00e4nge: 64 &#8211; 512<\/li>\n\n\n\n<li>Anzahl der digitalen Ausg\u00e4nge: 64 &#8211; 512<\/li>\n\n\n\n<li>Anzahl der analogen Eing\u00e4nge: 8 &#8211; 32<\/li>\n\n\n\n<li>Anzahl der analogen Ausg\u00e4nge: 8 &#8211; 32<\/li>\n\n\n\n<li>Kommunikationsschnittstellen: RS-232, RS-422, RS-485, Profibus<\/li>\n<\/ul>\n\n\n\n<p>Einsatzbereiche<\/p>\n\n\n\n<p>Das S5-150 wird in einer Vielzahl von Anwendungen eingesetzt, darunter:<\/p>\n\n\n\n<ul class=\"wp-block-list\">\n<li>Fertigungsprozesse: Das S5-150 kann in Fertigungsprozessen wie Montage, Verpackung und Qualit\u00e4tskontrolle eingesetzt werden.<\/li>\n\n\n\n<li>Produktionsanlagen: Das S5-150 kann in Produktionsanlagen wie Gie\u00dfereien, Schwei\u00dfereien und Maschinenbau eingesetzt werden.<\/li>\n\n\n\n<li>Energieerzeugung: Das S5-150 kann in Kraftwerken und anderen Energieerzeugungsanlagen eingesetzt werden, um die Steuerung der Prozesse zu \u00fcbernehmen.<\/li>\n\n\n\n<li>Transport und Logistik: Das S5-150 kann in Transport- und Logistikprozessen wie Sortieranlagen, Lagerhaltung und Verladung eingesetzt werden.<\/li>\n<\/ul>\n\n\n\n<p>Vorteile<\/p>\n\n\n\n<ul class=\"wp-block-list\">\n<li>Modularit\u00e4t: Das S5-150 ist modular aufgebaut, was bedeutet, dass es an die Anforderungen des Systems angepasst werden kann.<\/li>\n\n\n\n<li>Zuverl\u00e4ssigkeit: Das S5-150 ist eine bew\u00e4hrte Technologie, die seit vielen Jahren in der Industrie eingesetzt wird.<\/li>\n\n\n\n<li>Flexibilit\u00e4t: Das S5-150 kann in einer Vielzahl von Anwendungen eingesetzt werden und ist f\u00fcr unterschiedliche Branchen geeignet.<\/li>\n\n\n\n<li>Erweiterbarkeit: Das S5-150 kann einfach erweitert werden, um zus\u00e4tzliche Funktionen hinzuzuf\u00fcgen.<\/li>\n<\/ul>\n\n\n\n<p>Fazit<\/p>\n\n\n\n<p>Das Siemens Simatic Automatisierungsger\u00e4t S5-150 ist eine zuverl\u00e4ssige und flexible L\u00f6sung f\u00fcr eine Vielzahl von Automatisierungsaufgaben. Es ist eine bew\u00e4hrte Technologie, die seit vielen Jahren in der Industrie eingesetzt wird und sich durch Modularit\u00e4t, Zuverl\u00e4ssigkeit und Erweiterbarkeit auszeichnet. Wenn Sie auf der Suche nach einer Steuerungsl\u00f6sung f\u00fcr Ihre Anwendung sind, ist das S5-150 definitiv eine \u00dcberlegung wert.<\/p>\n","protected":false},"excerpt":{"rendered":"<p>Simatic S5-150 \u2013 Modular aufgebautes Steuerger\u00e4t mit L\u00fcfter f\u00fcr komplexe und zentral koordinierende Automatisierungsl\u00f6sungen, im Jahr 1980 auf den Markt gebracht wurde dieses speicherprogrammierbare Steuerungssystem mit Analogwertverarbeitung. CPUs 150er Serie System CPU Interner Programm-\/Datenspeicher Besonderheiten 6ES5 924-3SA1x S5-150S, S5-150U CPU &hellip; <a href=\"https:\/\/s5.mikrocontroller.bplaced.net\/blog\/simatic-s5-150\/\">Weiterlesen <span class=\"meta-nav\">&rarr;<\/span><\/a><\/p>\n","protected":false},"author":1,"featured_media":0,"parent":0,"menu_order":11,"comment_status":"open","ping_status":"closed","template":"","meta":{"footnotes":""},"class_list":["post-38","page","type-page","status-publish","hentry"],"_links":{"self":[{"href":"https:\/\/s5.mikrocontroller.bplaced.net\/blog\/wp-json\/wp\/v2\/pages\/38","targetHints":{"allow":["GET"]}}],"collection":[{"href":"https:\/\/s5.mikrocontroller.bplaced.net\/blog\/wp-json\/wp\/v2\/pages"}],"about":[{"href":"https:\/\/s5.mikrocontroller.bplaced.net\/blog\/wp-json\/wp\/v2\/types\/page"}],"author":[{"embeddable":true,"href":"https:\/\/s5.mikrocontroller.bplaced.net\/blog\/wp-json\/wp\/v2\/users\/1"}],"replies":[{"embeddable":true,"href":"https:\/\/s5.mikrocontroller.bplaced.net\/blog\/wp-json\/wp\/v2\/comments?post=38"}],"version-history":[{"count":6,"href":"https:\/\/s5.mikrocontroller.bplaced.net\/blog\/wp-json\/wp\/v2\/pages\/38\/revisions"}],"predecessor-version":[{"id":413,"href":"https:\/\/s5.mikrocontroller.bplaced.net\/blog\/wp-json\/wp\/v2\/pages\/38\/revisions\/413"}],"wp:attachment":[{"href":"https:\/\/s5.mikrocontroller.bplaced.net\/blog\/wp-json\/wp\/v2\/media?parent=38"}],"curies":[{"name":"wp","href":"https:\/\/api.w.org\/{rel}","templated":true}]}}