{"id":34,"date":"2023-03-05T22:33:07","date_gmt":"2023-03-05T22:33:07","guid":{"rendered":"https:\/\/s5.mikrocontroller.bplaced.net\/blog\/?page_id=34"},"modified":"2023-09-01T22:16:57","modified_gmt":"2023-09-01T22:16:57","slug":"simatic-s5-130","status":"publish","type":"page","link":"https:\/\/s5.mikrocontroller.bplaced.net\/blog\/simatic-s5-130\/","title":{"rendered":"Simatic S5-130"},"content":{"rendered":"\n<p>Simatic S5-130 \u2013 Modulares Automatisierungsger\u00e4t der mittleren Leistungsklasse<\/p>\n\n\n\n<ul class=\"wp-block-list\">\n<li>Simatic S5-130A \u2013 Ausf\u00fchrung in Robustbauform (Kartenbauform in Kapseln)<\/li>\n\n\n\n<li>Simatic S5-130K \u2013 Ausf\u00fchrung in Kompaktbauform (Kartenbauform)<\/li>\n\n\n\n<li>Simatic S5-130W \u2013 Ausf\u00fchrung in Rack-Ausf\u00fchrung (Kartenbauform) f\u00fcr die Automatisierung von Industrieprozessen<\/li>\n<\/ul>\n\n\n\n<figure class=\"wp-block-table\"><table><thead><tr><th>CPUs 130er Serie<\/th><th>System<\/th><th>Interner Programmspeicher<\/th><th>Besonderheiten<\/th><\/tr><\/thead><tbody><tr><\/tr><tr><td>6ES5 921-1AAxx<\/td><td>S5-130A, S5-130K<\/td><td>\u2013 (nur externes EPROM-Modul)<\/td><td><\/td><\/tr><tr><td>6ES5 921-3WBxx<\/td><td>S5-130W (Variante B)<\/td><td>2,9 kByte RAM<\/td><\/tr><\/tbody><\/table><\/figure>\n\n\n\n<p>Siemens ist seit vielen Jahren ein f\u00fchrender Hersteller von Automatisierungsl\u00f6sungen, und einer ihrer bekanntesten Produkte ist das Simatic S5-130 Automatisierungsger\u00e4t. Dieses Ger\u00e4t ist Teil der Simatic S5-Serie und wurde entwickelt, um komplexe Automatisierungsprozesse zu steuern.<\/p>\n\n\n\n<p>Das S5-130 verf\u00fcgt \u00fcber eine leistungsstarke CPU, die f\u00fcr schnelle und pr\u00e4zise Verarbeitung sorgt. Es bietet eine Vielzahl von digitalen und analogen Ein- und Ausg\u00e4ngen, die f\u00fcr die Steuerung einer Vielzahl von Prozessen und Anwendungen geeignet sind. Die Konfiguration und Programmierung des Ger\u00e4ts erfolgt \u00fcber die bekannte Simatic S5-Software, die einfach zu bedienen und intuitiv zu erlernen ist.<\/p>\n\n\n\n<p>Das S5-130 bietet eine hohe Zuverl\u00e4ssigkeit und Robustheit, die f\u00fcr den Einsatz in anspruchsvollen Umgebungen geeignet ist. Es verf\u00fcgt \u00fcber eine breite Palette von Diagnose- und \u00dcberwachungsfunktionen, die dazu beitragen, Probleme fr\u00fchzeitig zu erkennen und Ausfallzeiten zu minimieren. Das Ger\u00e4t kann auch nahtlos mit anderen Komponenten der Simatic S5-Serie sowie mit anderen Siemens-Produkten integriert werden.<\/p>\n\n\n\n<p>Das S5-130 ist eine beliebte Wahl f\u00fcr die Steuerung von Prozessen in vielen Branchen, darunter Fertigung, Chemie, Energieerzeugung und Logistik. Es ist ein zuverl\u00e4ssiges, leistungsstarkes und benutzerfreundliches Automatisierungsger\u00e4t, das f\u00fcr eine Vielzahl von Anwendungen geeignet ist.<\/p>\n","protected":false},"excerpt":{"rendered":"<p>Simatic S5-130 \u2013 Modulares Automatisierungsger\u00e4t der mittleren Leistungsklasse CPUs 130er Serie System Interner Programmspeicher Besonderheiten 6ES5 921-1AAxx S5-130A, S5-130K \u2013 (nur externes EPROM-Modul) 6ES5 921-3WBxx S5-130W (Variante B) 2,9 kByte RAM Siemens ist seit vielen Jahren ein f\u00fchrender Hersteller von &hellip; <a href=\"https:\/\/s5.mikrocontroller.bplaced.net\/blog\/simatic-s5-130\/\">Weiterlesen <span class=\"meta-nav\">&rarr;<\/span><\/a><\/p>\n","protected":false},"author":1,"featured_media":0,"parent":0,"menu_order":9,"comment_status":"open","ping_status":"closed","template":"","meta":{"footnotes":""},"class_list":["post-34","page","type-page","status-publish","hentry"],"_links":{"self":[{"href":"https:\/\/s5.mikrocontroller.bplaced.net\/blog\/wp-json\/wp\/v2\/pages\/34","targetHints":{"allow":["GET"]}}],"collection":[{"href":"https:\/\/s5.mikrocontroller.bplaced.net\/blog\/wp-json\/wp\/v2\/pages"}],"about":[{"href":"https:\/\/s5.mikrocontroller.bplaced.net\/blog\/wp-json\/wp\/v2\/types\/page"}],"author":[{"embeddable":true,"href":"https:\/\/s5.mikrocontroller.bplaced.net\/blog\/wp-json\/wp\/v2\/users\/1"}],"replies":[{"embeddable":true,"href":"https:\/\/s5.mikrocontroller.bplaced.net\/blog\/wp-json\/wp\/v2\/comments?post=34"}],"version-history":[{"count":2,"href":"https:\/\/s5.mikrocontroller.bplaced.net\/blog\/wp-json\/wp\/v2\/pages\/34\/revisions"}],"predecessor-version":[{"id":408,"href":"https:\/\/s5.mikrocontroller.bplaced.net\/blog\/wp-json\/wp\/v2\/pages\/34\/revisions\/408"}],"wp:attachment":[{"href":"https:\/\/s5.mikrocontroller.bplaced.net\/blog\/wp-json\/wp\/v2\/media?parent=34"}],"curies":[{"name":"wp","href":"https:\/\/api.w.org\/{rel}","templated":true}]}}