{"id":32,"date":"2023-03-05T22:31:58","date_gmt":"2023-03-05T22:31:58","guid":{"rendered":"https:\/\/s5.mikrocontroller.bplaced.net\/blog\/?page_id=32"},"modified":"2025-09-23T23:07:49","modified_gmt":"2025-09-23T21:07:49","slug":"simatic-s5-115","status":"publish","type":"page","link":"https:\/\/s5.mikrocontroller.bplaced.net\/blog\/simatic-s5-115\/","title":{"rendered":"Simatic S5-115"},"content":{"rendered":"\n<p>Die SIMATIC S5-115U ist ein modulares, mittelgro\u00dfes speicherprogrammierbares Steuerger\u00e4t (PLC) der SIMATIC S5-Familie, das f\u00fcr vielseitige Automatisierungsaufgaben entwickelt wurde. Bekannt f\u00fcr ihre Robustheit und Flexibilit\u00e4t, war die S5-115U in den 1980er- und 1990er-Jahren ein Standard in der Automatisierungsindustrie.<\/p>\n\n\n\n<figure class=\"wp-block-image size-large\"><img loading=\"lazy\" decoding=\"async\" width=\"768\" height=\"1024\" src=\"https:\/\/s5.mikrocontroller.bplaced.net\/blog\/wp-content\/uploads\/2023\/03\/S5-115U-941-01-768x1024.jpg\" alt=\"\" class=\"wp-image-137\" srcset=\"https:\/\/s5.mikrocontroller.bplaced.net\/blog\/wp-content\/uploads\/2023\/03\/S5-115U-941-01-768x1024.jpg 768w, https:\/\/s5.mikrocontroller.bplaced.net\/blog\/wp-content\/uploads\/2023\/03\/S5-115U-941-01-225x300.jpg 225w, https:\/\/s5.mikrocontroller.bplaced.net\/blog\/wp-content\/uploads\/2023\/03\/S5-115U-941-01.jpg 1080w\" sizes=\"auto, (max-width: 768px) 100vw, 768px\" \/><\/figure>\n\n\n\n<ul class=\"wp-block-list\">\n<li><a href=\"https:\/\/s5.mikrocontroller.bplaced.net\/blog\/wp-content\/uploads\/2023\/03\/S5-115F_Geraetehandbuch_6ES5998-1UF15_d.pdf\" target=\"_blank\" rel=\"noreferrer noopener\">S5-115F Ger\u00e4tehandbuch (deutsch).pdf<\/a><\/li>\n\n\n\n<li><a href=\"https:\/\/s5.mikrocontroller.bplaced.net\/blog\/wp-content\/uploads\/2023\/03\/S5-115H_Geraetehandbuch_6ES5998-0UH11_d.pdf\" target=\"_blank\" rel=\"noreferrer noopener\">S5-115H Ger\u00e4tehandbuch (deutsch).pdf<\/a><\/li>\n\n\n\n<li><a href=\"https:\/\/s5.mikrocontroller.bplaced.net\/blog\/wp-content\/uploads\/2023\/03\/S5-115U_Geraetehandbuch_CPU941-944_6ES5998-0UF13_d.pdf\" target=\"_blank\" rel=\"noreferrer noopener\">S5-115U Ger\u00e4tehandbuch CPU 941-944 (deutsch).pdf<\/a><\/li>\n\n\n\n<li><a href=\"https:\/\/s5.mikrocontroller.bplaced.net\/blog\/wp-content\/uploads\/2023\/03\/S5-115U_Geraetehandbuch_CPU945_6ES5998-3UF11_d.pdf\" target=\"_blank\" rel=\"noreferrer noopener\">S5-115U Ger\u00e4tehandbuch CPU 945 (deutsch).pdf<\/a><\/li>\n\n\n\n<li><a href=\"https:\/\/s5.mikrocontroller.bplaced.net\/blog\/wp-content\/uploads\/2023\/03\/S5-115U_Operationsliste_d.pdf\" target=\"_blank\" rel=\"noreferrer noopener\">S5-115U Operationsliste (deutsch).pdf<\/a><\/li>\n<\/ul>\n\n\n\n<ul class=\"wp-block-list\">\n<li>Simatic S5-115F \u2013 Fehlersichere Variante<\/li>\n\n\n\n<li>Simatic S5-115H \u2013 Hochverf\u00fcgbare Variante<\/li>\n\n\n\n<li>Simatic S5-115U \u2013 Universell einsetzbare Variante<\/li>\n<\/ul>\n\n\n\n<figure class=\"wp-block-table\"><table><thead><tr><th>CPUs 115er Serie<\/th><th>System<\/th><th>CPU<\/th><th>Interner Programm-\/Datenspeicher<\/th><th>Besonderheiten<\/th><\/tr><\/thead><tbody><tr><td>6ES5 941-7UAxx<\/td><td>S5-115U<\/td><td>CPU 941<\/td><td>2 kByte RAM<\/td><td>Adressumfang: Je 512 bin\u00e4re Ein- und Ausg\u00e4nge, maximal 64 analoge Ein- und Ausg\u00e4nge<\/td><\/tr><tr><td>6ES5 941-7UBxx<\/td><td>S5-115U<\/td><td>CPU 941B<\/td><td>2 kByte RAM<\/td><td>Optimierte Befehlsausf\u00fchrungszeiten<\/td><\/tr><tr><td>6ES5 942-7UAxx<\/td><td>S5-115U<\/td><td>CPU 942<\/td><td>10 kByte RAM<\/td><td>Adressumfang: Je 1024 bin\u00e4re Ein- und Ausg\u00e4nge, maximal 64 analoge Ein- und Ausg\u00e4nge<\/td><\/tr><tr><td>6ES5 942-7UBxx<\/td><td>S5-115U<\/td><td>CPU 942B<\/td><td>10 kByte RAM<\/td><td>Optimierte Befehlsausf\u00fchrungszeiten<\/td><\/tr><tr><td>6ES5 942-7UFxx<\/td><td>S5-115F<\/td><td>CPU 942F<\/td><td>5 kByte RAM<\/td><td>fehlersicher<\/td><\/tr><tr><td>6ES5 942-7UHxx<\/td><td>S5-115H<\/td><td>CPU 942H<\/td><td>8,5 kByte RAM<\/td><td>hochverf\u00fcgbar<\/td><\/tr><tr><td>6ES5 943-7UAxx<\/td><td>S5-115U<\/td><td>CPU 943<\/td><td>16 kByte RAM<\/td><td>optional 2. Programmier- \/ L1-BUS \/ ASCII-Schnittstelle<\/td><\/tr><tr><td>6ES5 943-7UBxx<\/td><td>S5-115U<\/td><td>CPU 943B<\/td><td>48 kByte RAM<\/td><td>Optimierte Befehlsausf\u00fchrungszeiten; optional 2. Programmier- \/ L1-BUS \/ ASCII-Schnittstelle<\/td><\/tr><tr><td>6ES5 944-7UAxx<\/td><td>S5-115U<\/td><td>CPU 944<\/td><td>96 kByte RAM<\/td><td>Rechnerkopplung m\u00f6glich; optional 2. Programmier- \/ L1-BUS \/ ASCII-Schnittstelle<\/td><\/tr><tr><td>6ES5 944-7UBxx<\/td><td>S5-115U<\/td><td>CPU 944B<\/td><td>96 kByte RAM<\/td><td>Optimierte Befehlsausf\u00fchrungszeiten; optional 2. Programmier- \/ L1-BUS \/ ASCII-Schnittstelle<\/td><\/tr><tr><td>6ES5 945-7UB1x<\/td><td>S5-115U<\/td><td>CPU 945<\/td><td>256 kByte RAM<\/td><td>Neue CPU-Architektur; 32 Bit-<a href=\"https:\/\/de.wikipedia.org\/wiki\/Akkumulator_(Computer)\">AKKUs<\/a>; optional 2. Programmier- \/ L1-BUS \/ ASCII-Schnittstelle<\/td><\/tr><tr><td>6ES5 945-7UB2x<\/td><td>S5-115U<\/td><td>CPU 945<\/td><td>384 kByte RAM<\/td><td>Neue CPU-Architektur; 32 Bit-AKKUs; optional 2. Programmier- \/ L1-BUS \/ ASCII-Schnittstelle<\/td><\/tr><\/tbody><\/table><\/figure>\n\n\n\n<h2 class=\"wp-block-heading\">Eigenschaften und Funktionen<\/h2>\n\n\n\n<p>Die S5-115U besteht aus einer zentralen Steuereinheit (CPU 941\u2013945) mit einem 16-Bit-Prozessor (z. B. SAB 80186) und unterst\u00fctzt mittelkomplexe Aufgaben wie Z\u00e4hlen, Zeitsteuerung, Regelung und Ablaufsteuerungen. Sie kann mit einer Vielzahl von Ein-\/Ausgabemodulen (bis zu 1024 I\/Os) erweitert werden, die Spannungen von 24 V DC bis 230 V AC abdecken. Speichermodule (EPROM, EEPROM, RAM) erm\u00f6glichen eine Erweiterung des Programmspeichers von 16 bis 96 KB.<\/p>\n\n\n\n<p>Die Kommunikation erfolgt prim\u00e4r \u00fcber eine AS511 20-mA-Stromschleifen-Schnittstelle (TTY); RS232 ist mit einem Adapter m\u00f6glich. Ethernet wird nicht nativ unterst\u00fctzt. Das System ist l\u00fcfterlos, wobei bei bestimmten Konfigurationen (z. B. leistungsstarken CPUs) eine L\u00fcfterzeile erforderlich sein kann. Mit einer Betriebstemperatur von 0\u201360 \u00b0C ist die S5-115U robust und f\u00fcr industrielle Umgebungen geeignet.<\/p>\n\n\n\n<h2 class=\"wp-block-heading\">Technische Daten<\/h2>\n\n\n\n<ul class=\"wp-block-list\">\n<li><strong>Prozessor<\/strong>: 16-Bit (z. B. SAB 80186)<\/li>\n\n\n\n<li><strong>Programmspeicher<\/strong>: 16\u201396 KB (je nach CPU und Speichermodul)<\/li>\n\n\n\n<li><strong>Arbeitsspeicher<\/strong>: 1\u201316 KB (RAM, je nach Konfiguration)<\/li>\n\n\n\n<li><strong>Ein-\/Ausgangsmodule<\/strong>: Bis zu 1024 I\/Os (erweiterbar)<\/li>\n\n\n\n<li><strong>Kommunikationsschnittstelle<\/strong>: AS511 (TTY, 20 mA), RS232 mit Adapter<\/li>\n\n\n\n<li><strong>Betriebsspannung<\/strong>: 24 V DC oder 115\/230 V AC (je nach Netzteil)<\/li>\n\n\n\n<li><strong>Betriebstemperatur<\/strong>: 0\u201360 \u00b0C<\/li>\n\n\n\n<li><strong>Abmessungen (CPU)<\/strong>: ca. 195 x 110 x 62 mm<\/li>\n\n\n\n<li><strong>Gewicht (CPU)<\/strong>: ca. 700 g<\/li>\n<\/ul>\n\n\n\n<h2 class=\"wp-block-heading\">Programmierung<\/h2>\n\n\n\n<p>Die Programmierung erfolgt mit der STEP 5-Software in den Darstellungsarten:<\/p>\n\n\n\n<ul class=\"wp-block-list\">\n<li><strong>Anweisungsliste (AWL)<\/strong><\/li>\n\n\n\n<li><strong>Kontaktplan (KOP)<\/strong><\/li>\n\n\n\n<li><strong>Funktionsplan (FUP)<\/strong><\/li>\n<\/ul>\n\n\n\n<p>F\u00fcr Ablaufsteuerungen ist das Softwarepaket GRAPH 5 verf\u00fcgbar, w\u00e4hrend die CPU 945 zus\u00e4tzlich die Hochsprache SCL unterst\u00fctzt. Geeignete Programmierger\u00e4te sind:<\/p>\n\n\n\n<ul class=\"wp-block-list\">\n<li>PG 675<\/li>\n\n\n\n<li>PG 685<\/li>\n\n\n\n<li>PG 720<\/li>\n\n\n\n<li>PG 740<\/li>\n\n\n\n<li>PG 760<\/li>\n<\/ul>\n\n\n\n<p>Programme k\u00f6nnen online (direkt in die CPU) oder offline (auf EPROM\/EEPROM-Speichermodule) eingegeben werden. Ein angeschlossener Drucker erleichtert die Programmdokumentation.<\/p>\n\n\n\n<h3 class=\"wp-block-heading\">Programmbearbeitung<\/h3>\n\n\n\n<ul class=\"wp-block-list\">\n<li><strong>Zyklisch (OB 1)<\/strong>: Programme werden in der festgelegten Reihenfolge verarbeitet.<\/li>\n\n\n\n<li><strong>Alarmgesteuert (OB 2\u20135)<\/strong>: Prozessalarme unterbrechen die zyklische Bearbeitung f\u00fcr spezifische Reaktionen. Beim Auftreten bestimmter Eingangssignalwechsel (Proze\u00dfalarme) wird die zyklische Programmbearbeitung bei der n\u00e4chsten Anweisung unterbrochen und ein anderer, fest zugeordneter Organisationsbaustein gestartet. In diesem Organisationsbaustein kann der Anwender sein Reaktionsprogramm auf diesen Alarm formulieren. Anschlie\u00dfend wird die zyklische Programmbearbeitung an der unterbrochenen Stelle wieder aufgenommen.<\/li>\n\n\n\n<li><strong>Zeitgesteuert (OB 10\u201313)<\/strong>: Programme werden in festgelegten Intervallen (10 ms\u201310 min f\u00fcr CPU 941\u2013944, 1 ms\u20131 min f\u00fcr CPU 945) ausgef\u00fchrt. Der Zeitpunkt der Bearbeitung wird durch das Aufrufintervall festgelegt. Es kann zwischen 1ms und 1min (CPU 945) bzw. zwischen 10ms und 10min (CPU 941 bis CPU944) festgelegt werden. Bestimmte Programmteile k\u00f6nnen so unabh\u00e4ngig von der Zykluszeit bearbeitet werden.<\/li>\n\n\n\n<li><strong>Zeitalarmgesteuert (OB 6)<\/strong>: Nach einer definierten Zeitspanne wird ein Alarm ausgel\u00f6st. Nach Erreichen einer vorgegebenen Zeitspanne wird ein Zeitalarm ausgel\u00f6st und der Organisationsbaustein aufgerufen. Der weitere Ablauf richtet sich nach dem Programminhalt des OB6, den der Anwender zuvor f\u00fcr diesen Fall festgelegt hat. Die h\u00f6her Prioren Ablaufebenen (Organisationsbausteine) k\u00f6nnen die nieder Prioren Ablaufebenen nach jeder STEP5-Operation unterbrechen.<\/li>\n<\/ul>\n\n\n\n<p>Die Priorit\u00e4ten sind: Zeitalarmgesteuert &gt; Alarmgesteuert &gt; Zeitgesteuert &gt; Zyklisch.<\/p>\n\n\n\n<h2 class=\"wp-block-heading\">Anwendungen<\/h2>\n\n\n\n<p>Die S5-115U eignet sich f\u00fcr mittelgro\u00dfe Automatisierungsaufgaben in der Fertigungsindustrie, Geb\u00e4udetechnik, F\u00f6rdertechnik oder Verpackungsanlagen. Sie wird oft f\u00fcr Regelungen, Ablaufsteuerungen oder dezentrale Steuerungen in gr\u00f6\u00dferen Systemen eingesetzt.<\/p>\n\n\n\n<h2 class=\"wp-block-heading\">Fazit<\/h2>\n\n\n\n<p>Die SIMATIC S5-115U (CPU 941\u2013945) ist ein bew\u00e4hrter Klassiker in der Automatisierungstechnik. Ihre modulare Bauweise, robuste Konstruktion und flexible Programmierung machen sie auch heute noch in Legacy-Systemen relevant. Obwohl nicht mehr produziert, bleibt sie ein Meilenstein in der Geschichte der SPS-Technologie.<\/p>\n\n\n\n<figure class=\"wp-block-gallery has-nested-images columns-default is-cropped wp-block-gallery-1 is-layout-flex wp-block-gallery-is-layout-flex\">\n<figure class=\"wp-block-image size-large\"><a href=\"https:\/\/s5.mikrocontroller.bplaced.net\/blog\/wp-content\/uploads\/2023\/03\/S5-115U-941-01-1.jpg\"><img loading=\"lazy\" decoding=\"async\" width=\"768\" height=\"1024\" data-id=\"138\" src=\"https:\/\/s5.mikrocontroller.bplaced.net\/blog\/wp-content\/uploads\/2023\/03\/S5-115U-941-01-1-768x1024.jpg\" alt=\"\" class=\"wp-image-138\" srcset=\"https:\/\/s5.mikrocontroller.bplaced.net\/blog\/wp-content\/uploads\/2023\/03\/S5-115U-941-01-1-768x1024.jpg 768w, https:\/\/s5.mikrocontroller.bplaced.net\/blog\/wp-content\/uploads\/2023\/03\/S5-115U-941-01-1-225x300.jpg 225w, https:\/\/s5.mikrocontroller.bplaced.net\/blog\/wp-content\/uploads\/2023\/03\/S5-115U-941-01-1.jpg 1080w\" sizes=\"auto, (max-width: 768px) 100vw, 768px\" \/><\/a><\/figure>\n\n\n\n<figure class=\"wp-block-image size-large\"><a href=\"https:\/\/s5.mikrocontroller.bplaced.net\/blog\/wp-content\/uploads\/2023\/03\/S5-115U-941-02.jpg\"><img loading=\"lazy\" decoding=\"async\" width=\"691\" height=\"1024\" data-id=\"143\" src=\"https:\/\/s5.mikrocontroller.bplaced.net\/blog\/wp-content\/uploads\/2023\/03\/S5-115U-941-02-691x1024.jpg\" alt=\"\" class=\"wp-image-143\" srcset=\"https:\/\/s5.mikrocontroller.bplaced.net\/blog\/wp-content\/uploads\/2023\/03\/S5-115U-941-02-691x1024.jpg 691w, https:\/\/s5.mikrocontroller.bplaced.net\/blog\/wp-content\/uploads\/2023\/03\/S5-115U-941-02-203x300.jpg 203w, https:\/\/s5.mikrocontroller.bplaced.net\/blog\/wp-content\/uploads\/2023\/03\/S5-115U-941-02-768x1138.jpg 768w, https:\/\/s5.mikrocontroller.bplaced.net\/blog\/wp-content\/uploads\/2023\/03\/S5-115U-941-02-1037x1536.jpg 1037w, https:\/\/s5.mikrocontroller.bplaced.net\/blog\/wp-content\/uploads\/2023\/03\/S5-115U-941-02.jpg 1080w\" sizes=\"auto, (max-width: 691px) 100vw, 691px\" \/><\/a><\/figure>\n\n\n\n<figure class=\"wp-block-image size-large\"><a href=\"https:\/\/s5.mikrocontroller.bplaced.net\/blog\/wp-content\/uploads\/2023\/03\/S5-115U-941-03.jpg\"><img loading=\"lazy\" decoding=\"async\" width=\"1024\" height=\"894\" data-id=\"139\" src=\"https:\/\/s5.mikrocontroller.bplaced.net\/blog\/wp-content\/uploads\/2023\/03\/S5-115U-941-03-1024x894.jpg\" alt=\"\" class=\"wp-image-139\" srcset=\"https:\/\/s5.mikrocontroller.bplaced.net\/blog\/wp-content\/uploads\/2023\/03\/S5-115U-941-03-1024x894.jpg 1024w, https:\/\/s5.mikrocontroller.bplaced.net\/blog\/wp-content\/uploads\/2023\/03\/S5-115U-941-03-300x262.jpg 300w, https:\/\/s5.mikrocontroller.bplaced.net\/blog\/wp-content\/uploads\/2023\/03\/S5-115U-941-03-768x671.jpg 768w, https:\/\/s5.mikrocontroller.bplaced.net\/blog\/wp-content\/uploads\/2023\/03\/S5-115U-941-03.jpg 1080w\" sizes=\"auto, (max-width: 1024px) 100vw, 1024px\" \/><\/a><\/figure>\n\n\n\n<figure class=\"wp-block-image size-large\"><a href=\"https:\/\/s5.mikrocontroller.bplaced.net\/blog\/wp-content\/uploads\/2023\/03\/S5-115U-941-04.jpg\"><img loading=\"lazy\" decoding=\"async\" width=\"1024\" height=\"817\" data-id=\"144\" src=\"https:\/\/s5.mikrocontroller.bplaced.net\/blog\/wp-content\/uploads\/2023\/03\/S5-115U-941-04-1024x817.jpg\" alt=\"\" class=\"wp-image-144\" srcset=\"https:\/\/s5.mikrocontroller.bplaced.net\/blog\/wp-content\/uploads\/2023\/03\/S5-115U-941-04-1024x817.jpg 1024w, https:\/\/s5.mikrocontroller.bplaced.net\/blog\/wp-content\/uploads\/2023\/03\/S5-115U-941-04-300x239.jpg 300w, https:\/\/s5.mikrocontroller.bplaced.net\/blog\/wp-content\/uploads\/2023\/03\/S5-115U-941-04-768x612.jpg 768w, https:\/\/s5.mikrocontroller.bplaced.net\/blog\/wp-content\/uploads\/2023\/03\/S5-115U-941-04.jpg 1200w\" sizes=\"auto, (max-width: 1024px) 100vw, 1024px\" \/><\/a><\/figure>\n\n\n\n<figure class=\"wp-block-image size-large\"><a href=\"https:\/\/s5.mikrocontroller.bplaced.net\/blog\/wp-content\/uploads\/2023\/03\/S5-115U-941-05.jpg\"><img loading=\"lazy\" decoding=\"async\" width=\"768\" height=\"1024\" data-id=\"142\" src=\"https:\/\/s5.mikrocontroller.bplaced.net\/blog\/wp-content\/uploads\/2023\/03\/S5-115U-941-05-768x1024.jpg\" alt=\"\" class=\"wp-image-142\" srcset=\"https:\/\/s5.mikrocontroller.bplaced.net\/blog\/wp-content\/uploads\/2023\/03\/S5-115U-941-05-768x1024.jpg 768w, https:\/\/s5.mikrocontroller.bplaced.net\/blog\/wp-content\/uploads\/2023\/03\/S5-115U-941-05-225x300.jpg 225w, https:\/\/s5.mikrocontroller.bplaced.net\/blog\/wp-content\/uploads\/2023\/03\/S5-115U-941-05.jpg 1080w\" sizes=\"auto, (max-width: 768px) 100vw, 768px\" \/><\/a><\/figure>\n\n\n\n<figure class=\"wp-block-image size-large\"><a href=\"https:\/\/s5.mikrocontroller.bplaced.net\/blog\/wp-content\/uploads\/2023\/03\/S5-115U-941-06.jpg\"><img loading=\"lazy\" decoding=\"async\" width=\"590\" height=\"1024\" data-id=\"140\" src=\"https:\/\/s5.mikrocontroller.bplaced.net\/blog\/wp-content\/uploads\/2023\/03\/S5-115U-941-06-590x1024.jpg\" alt=\"\" class=\"wp-image-140\" srcset=\"https:\/\/s5.mikrocontroller.bplaced.net\/blog\/wp-content\/uploads\/2023\/03\/S5-115U-941-06-590x1024.jpg 590w, https:\/\/s5.mikrocontroller.bplaced.net\/blog\/wp-content\/uploads\/2023\/03\/S5-115U-941-06-173x300.jpg 173w, https:\/\/s5.mikrocontroller.bplaced.net\/blog\/wp-content\/uploads\/2023\/03\/S5-115U-941-06-768x1332.jpg 768w, https:\/\/s5.mikrocontroller.bplaced.net\/blog\/wp-content\/uploads\/2023\/03\/S5-115U-941-06.jpg 830w\" sizes=\"auto, (max-width: 590px) 100vw, 590px\" \/><\/a><\/figure>\n\n\n\n<figure class=\"wp-block-image size-large\"><a href=\"https:\/\/s5.mikrocontroller.bplaced.net\/blog\/wp-content\/uploads\/2023\/03\/S5-115U-941-07.jpg\"><img loading=\"lazy\" decoding=\"async\" width=\"1024\" height=\"680\" data-id=\"146\" src=\"https:\/\/s5.mikrocontroller.bplaced.net\/blog\/wp-content\/uploads\/2023\/03\/S5-115U-941-07-1024x680.jpg\" alt=\"\" class=\"wp-image-146\" srcset=\"https:\/\/s5.mikrocontroller.bplaced.net\/blog\/wp-content\/uploads\/2023\/03\/S5-115U-941-07-1024x680.jpg 1024w, https:\/\/s5.mikrocontroller.bplaced.net\/blog\/wp-content\/uploads\/2023\/03\/S5-115U-941-07-300x199.jpg 300w, https:\/\/s5.mikrocontroller.bplaced.net\/blog\/wp-content\/uploads\/2023\/03\/S5-115U-941-07-768x510.jpg 768w, https:\/\/s5.mikrocontroller.bplaced.net\/blog\/wp-content\/uploads\/2023\/03\/S5-115U-941-07-1536x1020.jpg 1536w, https:\/\/s5.mikrocontroller.bplaced.net\/blog\/wp-content\/uploads\/2023\/03\/S5-115U-941-07.jpg 1600w\" sizes=\"auto, (max-width: 1024px) 100vw, 1024px\" \/><\/a><\/figure>\n\n\n\n<figure class=\"wp-block-image size-large\"><a href=\"https:\/\/s5.mikrocontroller.bplaced.net\/blog\/wp-content\/uploads\/2023\/03\/S5-115U-941-08.jpg\"><img loading=\"lazy\" decoding=\"async\" width=\"1024\" height=\"680\" data-id=\"147\" src=\"https:\/\/s5.mikrocontroller.bplaced.net\/blog\/wp-content\/uploads\/2023\/03\/S5-115U-941-08-1024x680.jpg\" alt=\"\" class=\"wp-image-147\" srcset=\"https:\/\/s5.mikrocontroller.bplaced.net\/blog\/wp-content\/uploads\/2023\/03\/S5-115U-941-08-1024x680.jpg 1024w, https:\/\/s5.mikrocontroller.bplaced.net\/blog\/wp-content\/uploads\/2023\/03\/S5-115U-941-08-300x199.jpg 300w, https:\/\/s5.mikrocontroller.bplaced.net\/blog\/wp-content\/uploads\/2023\/03\/S5-115U-941-08-768x510.jpg 768w, https:\/\/s5.mikrocontroller.bplaced.net\/blog\/wp-content\/uploads\/2023\/03\/S5-115U-941-08-1536x1020.jpg 1536w, https:\/\/s5.mikrocontroller.bplaced.net\/blog\/wp-content\/uploads\/2023\/03\/S5-115U-941-08.jpg 1600w\" sizes=\"auto, (max-width: 1024px) 100vw, 1024px\" \/><\/a><\/figure>\n\n\n\n<figure class=\"wp-block-image size-large\"><a href=\"https:\/\/s5.mikrocontroller.bplaced.net\/blog\/wp-content\/uploads\/2023\/03\/S5-115U-941-09.jpg\"><img loading=\"lazy\" decoding=\"async\" width=\"1024\" height=\"680\" data-id=\"145\" src=\"https:\/\/s5.mikrocontroller.bplaced.net\/blog\/wp-content\/uploads\/2023\/03\/S5-115U-941-09-1024x680.jpg\" alt=\"\" class=\"wp-image-145\" srcset=\"https:\/\/s5.mikrocontroller.bplaced.net\/blog\/wp-content\/uploads\/2023\/03\/S5-115U-941-09-1024x680.jpg 1024w, https:\/\/s5.mikrocontroller.bplaced.net\/blog\/wp-content\/uploads\/2023\/03\/S5-115U-941-09-300x199.jpg 300w, https:\/\/s5.mikrocontroller.bplaced.net\/blog\/wp-content\/uploads\/2023\/03\/S5-115U-941-09-768x510.jpg 768w, https:\/\/s5.mikrocontroller.bplaced.net\/blog\/wp-content\/uploads\/2023\/03\/S5-115U-941-09-1536x1020.jpg 1536w, https:\/\/s5.mikrocontroller.bplaced.net\/blog\/wp-content\/uploads\/2023\/03\/S5-115U-941-09.jpg 1600w\" sizes=\"auto, (max-width: 1024px) 100vw, 1024px\" \/><\/a><\/figure>\n\n\n\n<figure class=\"wp-block-image size-large\"><a href=\"https:\/\/s5.mikrocontroller.bplaced.net\/blog\/wp-content\/uploads\/2023\/03\/S5-115U-941-10.jpg\"><img loading=\"lazy\" decoding=\"async\" width=\"1024\" height=\"680\" data-id=\"141\" src=\"https:\/\/s5.mikrocontroller.bplaced.net\/blog\/wp-content\/uploads\/2023\/03\/S5-115U-941-10-1024x680.jpg\" alt=\"\" class=\"wp-image-141\" srcset=\"https:\/\/s5.mikrocontroller.bplaced.net\/blog\/wp-content\/uploads\/2023\/03\/S5-115U-941-10-1024x680.jpg 1024w, https:\/\/s5.mikrocontroller.bplaced.net\/blog\/wp-content\/uploads\/2023\/03\/S5-115U-941-10-300x199.jpg 300w, https:\/\/s5.mikrocontroller.bplaced.net\/blog\/wp-content\/uploads\/2023\/03\/S5-115U-941-10-768x510.jpg 768w, https:\/\/s5.mikrocontroller.bplaced.net\/blog\/wp-content\/uploads\/2023\/03\/S5-115U-941-10-1536x1020.jpg 1536w, https:\/\/s5.mikrocontroller.bplaced.net\/blog\/wp-content\/uploads\/2023\/03\/S5-115U-941-10.jpg 1600w\" sizes=\"auto, (max-width: 1024px) 100vw, 1024px\" \/><\/a><\/figure>\n\n\n\n<figure class=\"wp-block-image size-large\"><a href=\"https:\/\/s5.mikrocontroller.bplaced.net\/blog\/wp-content\/uploads\/2023\/06\/S5-115U-941-11.png\"><img loading=\"lazy\" decoding=\"async\" width=\"1024\" height=\"768\" data-id=\"423\" src=\"https:\/\/s5.mikrocontroller.bplaced.net\/blog\/wp-content\/uploads\/2023\/06\/S5-115U-941-11-1024x768.png\" alt=\"\" class=\"wp-image-423\" srcset=\"https:\/\/s5.mikrocontroller.bplaced.net\/blog\/wp-content\/uploads\/2023\/06\/S5-115U-941-11-1024x768.png 1024w, https:\/\/s5.mikrocontroller.bplaced.net\/blog\/wp-content\/uploads\/2023\/06\/S5-115U-941-11-300x225.png 300w, https:\/\/s5.mikrocontroller.bplaced.net\/blog\/wp-content\/uploads\/2023\/06\/S5-115U-941-11-768x576.png 768w, https:\/\/s5.mikrocontroller.bplaced.net\/blog\/wp-content\/uploads\/2023\/06\/S5-115U-941-11-1536x1152.png 1536w, https:\/\/s5.mikrocontroller.bplaced.net\/blog\/wp-content\/uploads\/2023\/06\/S5-115U-941-11.png 1600w\" sizes=\"auto, (max-width: 1024px) 100vw, 1024px\" \/><\/a><\/figure>\n<\/figure>\n\n\n\n<h2 class=\"wp-block-heading\">Peripheriebaugruppen und Baugruppentr\u00e4ger<\/h2>\n\n\n\n<p>Peripheriebaugruppen f\u00fcr S5-115 habe ich in diesem Beitrag aufgelistet:<\/p>\n\n\n\n<figure class=\"wp-block-embed is-type-wp-embed is-provider-siemens-simatic-s-5 wp-block-embed-siemens-simatic-s-5\"><div class=\"wp-block-embed__wrapper\">\n<blockquote class=\"wp-embedded-content\" data-secret=\"3CYPqGXnS8\"><a href=\"https:\/\/s5.mikrocontroller.bplaced.net\/blog\/2023\/08\/01\/peripheriebaugruppen-fur-s5-115\/\">Peripheriebaugruppen f\u00fcr S5-115<\/a><\/blockquote><iframe loading=\"lazy\" class=\"wp-embedded-content\" sandbox=\"allow-scripts\" security=\"restricted\" style=\"position: absolute; visibility: hidden;\" title=\"&#8222;Peripheriebaugruppen f\u00fcr S5-115&#8220; &#8212; SIEMENS Simatic S5\" src=\"https:\/\/s5.mikrocontroller.bplaced.net\/blog\/2023\/08\/01\/peripheriebaugruppen-fur-s5-115\/embed\/#?secret=7Ux439DMoL#?secret=3CYPqGXnS8\" data-secret=\"3CYPqGXnS8\" width=\"600\" height=\"338\" frameborder=\"0\" marginwidth=\"0\" marginheight=\"0\" scrolling=\"no\"><\/iframe>\n<\/div><\/figure>\n\n\n\n<p>Baugruppentr\u00e4ger f\u00fcr S5-115 habe ich in diesem Beitrag aufgelistet:<\/p>\n\n\n\n<figure class=\"wp-block-embed is-type-wp-embed is-provider-siemens-simatic-s-5 wp-block-embed-siemens-simatic-s-5\"><div class=\"wp-block-embed__wrapper\">\n<blockquote class=\"wp-embedded-content\" data-secret=\"l0RLbeKqcY\"><a href=\"https:\/\/s5.mikrocontroller.bplaced.net\/blog\/2023\/08\/01\/baugruppentrager-fur-s5-115\/\">Baugruppentr\u00e4ger f\u00fcr S5-115<\/a><\/blockquote><iframe loading=\"lazy\" class=\"wp-embedded-content\" sandbox=\"allow-scripts\" security=\"restricted\" style=\"position: absolute; visibility: hidden;\" title=\"&#8222;Baugruppentr\u00e4ger f\u00fcr S5-115&#8220; &#8212; SIEMENS Simatic S5\" src=\"https:\/\/s5.mikrocontroller.bplaced.net\/blog\/2023\/08\/01\/baugruppentrager-fur-s5-115\/embed\/#?secret=Wp6y0ISctF#?secret=l0RLbeKqcY\" data-secret=\"l0RLbeKqcY\" width=\"600\" height=\"338\" frameborder=\"0\" marginwidth=\"0\" marginheight=\"0\" scrolling=\"no\"><\/iframe>\n<\/div><\/figure>\n","protected":false},"excerpt":{"rendered":"<p>Die SIMATIC S5-115U ist ein modulares, mittelgro\u00dfes speicherprogrammierbares Steuerger\u00e4t (PLC) der SIMATIC S5-Familie, das f\u00fcr vielseitige Automatisierungsaufgaben entwickelt wurde. Bekannt f\u00fcr ihre Robustheit und Flexibilit\u00e4t, war die S5-115U in den 1980er- und 1990er-Jahren ein Standard in der Automatisierungsindustrie. CPUs 115er &hellip; <a href=\"https:\/\/s5.mikrocontroller.bplaced.net\/blog\/simatic-s5-115\/\">Weiterlesen <span class=\"meta-nav\">&rarr;<\/span><\/a><\/p>\n","protected":false},"author":1,"featured_media":0,"parent":0,"menu_order":8,"comment_status":"open","ping_status":"closed","template":"","meta":{"footnotes":""},"class_list":["post-32","page","type-page","status-publish","hentry"],"_links":{"self":[{"href":"https:\/\/s5.mikrocontroller.bplaced.net\/blog\/wp-json\/wp\/v2\/pages\/32","targetHints":{"allow":["GET"]}}],"collection":[{"href":"https:\/\/s5.mikrocontroller.bplaced.net\/blog\/wp-json\/wp\/v2\/pages"}],"about":[{"href":"https:\/\/s5.mikrocontroller.bplaced.net\/blog\/wp-json\/wp\/v2\/types\/page"}],"author":[{"embeddable":true,"href":"https:\/\/s5.mikrocontroller.bplaced.net\/blog\/wp-json\/wp\/v2\/users\/1"}],"replies":[{"embeddable":true,"href":"https:\/\/s5.mikrocontroller.bplaced.net\/blog\/wp-json\/wp\/v2\/comments?post=32"}],"version-history":[{"count":25,"href":"https:\/\/s5.mikrocontroller.bplaced.net\/blog\/wp-json\/wp\/v2\/pages\/32\/revisions"}],"predecessor-version":[{"id":743,"href":"https:\/\/s5.mikrocontroller.bplaced.net\/blog\/wp-json\/wp\/v2\/pages\/32\/revisions\/743"}],"wp:attachment":[{"href":"https:\/\/s5.mikrocontroller.bplaced.net\/blog\/wp-json\/wp\/v2\/media?parent=32"}],"curies":[{"name":"wp","href":"https:\/\/api.w.org\/{rel}","templated":true}]}}