{"id":30,"date":"2023-03-05T22:30:48","date_gmt":"2023-03-05T22:30:48","guid":{"rendered":"https:\/\/s5.mikrocontroller.bplaced.net\/blog\/?page_id=30"},"modified":"2023-09-01T22:16:47","modified_gmt":"2023-09-01T22:16:47","slug":"simatic-s5-110","status":"publish","type":"page","link":"https:\/\/s5.mikrocontroller.bplaced.net\/blog\/simatic-s5-110\/","title":{"rendered":"Simatic S5-110"},"content":{"rendered":"\n<p>Simatic S5-110 \u2013 Modulares Automatisierungsger\u00e4t<\/p>\n\n\n\n<figure class=\"wp-block-image size-full\"><img loading=\"lazy\" decoding=\"async\" width=\"333\" height=\"500\" src=\"https:\/\/s5.mikrocontroller.bplaced.net\/blog\/wp-content\/uploads\/2023\/03\/S5-110A-01.jpg\" alt=\"\" class=\"wp-image-124\" srcset=\"https:\/\/s5.mikrocontroller.bplaced.net\/blog\/wp-content\/uploads\/2023\/03\/S5-110A-01.jpg 333w, https:\/\/s5.mikrocontroller.bplaced.net\/blog\/wp-content\/uploads\/2023\/03\/S5-110A-01-200x300.jpg 200w\" sizes=\"auto, (max-width: 333px) 100vw, 333px\" \/><\/figure>\n\n\n\n<ul class=\"wp-block-list\">\n<li><a href=\"https:\/\/s5.mikrocontroller.bplaced.net\/blog\/wp-content\/uploads\/2023\/03\/S5-110S_Betriebsanleitung_d.pdf\" data-type=\"URL\" data-id=\"https:\/\/s5.mikrocontroller.bplaced.net\/blog\/wp-content\/uploads\/2023\/03\/S5-110S_Betriebsanleitung_d.pdf\" target=\"_blank\" rel=\"noreferrer noopener\">S5-110S Betriebsanleitung (deutsch).pdf<\/a><\/li>\n\n\n\n<li><a href=\"https:\/\/s5.mikrocontroller.bplaced.net\/blog\/wp-content\/uploads\/2023\/03\/S5-110S_Programmieranleitung_d.pdf\" data-type=\"URL\" data-id=\"https:\/\/s5.mikrocontroller.bplaced.net\/blog\/wp-content\/uploads\/2023\/03\/S5-110S_Programmieranleitung_d.pdf\" target=\"_blank\" rel=\"noreferrer noopener\">S5-110S Programmieranleitung (deutsch).pdf<\/a><\/li>\n<\/ul>\n\n\n\n<ul class=\"wp-block-list\">\n<li>Simatic S5-110A \u2013 Modulbauform<\/li>\n\n\n\n<li>Simatic S5-110F \u2013 Fehlersichere Ausf\u00fchrung<\/li>\n\n\n\n<li>Simatic S5-110S \u2013 Rack-Ausf\u00fchrung mit externem Peripheriebus (Modulbauform)<\/li>\n<\/ul>\n\n\n\n<figure class=\"wp-block-table\"><table><thead><tr><th>CPUs 110er Serie<\/th><th>System<\/th><th>Interner Programmspeicher<\/th><th>Besonderheiten<\/th><\/tr><\/thead><tbody><tr><td>6ES5 900-7AB1x<\/td><td>S5-110A<\/td><td>\u2013 (nur externes EPROM-Modul)<\/td><td><\/td><\/tr><tr><td>6ES5 900-7AC1x<\/td><td>S5-110A<\/td><td>\u2013 (nur externes EPROM-Modul)<\/td><td><\/td><\/tr><tr><td>6ES5 900-7AD1x<\/td><td>S5-110A<\/td><td>\u2013 (nur externes EPROM-Modul)<\/td><td>128 Ausgangsmerker, 384 nicht remanente Merker, 511 remanente Merker<\/td><\/tr><tr><td>6ES5 900-7FC1x<\/td><td>S5-110F<\/td><td>\u2013 (nur externes EPROM-Modul)<\/td><td><\/td><\/tr><tr><td>6ES5 902-3SA1x<\/td><td>S5-110S<\/td><td>0,5K Anweisungen (1 kByte RAM)<\/td><td>512 nicht remanente Merker, 512 remanente Merker; Speicher \u00fcber Speicherbaugruppe 340 oder 350 erweiterbar<\/td><\/tr><\/tbody><\/table><\/figure>\n\n\n\n<figure class=\"wp-block-gallery has-nested-images columns-default is-cropped wp-block-gallery-1 is-layout-flex wp-block-gallery-is-layout-flex\">\n<figure class=\"wp-block-image size-large\"><a href=\"https:\/\/s5.mikrocontroller.bplaced.net\/blog\/wp-content\/uploads\/2023\/03\/S5-110A-01-1.jpg\"><img loading=\"lazy\" decoding=\"async\" width=\"333\" height=\"500\" data-id=\"126\" src=\"https:\/\/s5.mikrocontroller.bplaced.net\/blog\/wp-content\/uploads\/2023\/03\/S5-110A-01-1.jpg\" alt=\"\" class=\"wp-image-126\" srcset=\"https:\/\/s5.mikrocontroller.bplaced.net\/blog\/wp-content\/uploads\/2023\/03\/S5-110A-01-1.jpg 333w, https:\/\/s5.mikrocontroller.bplaced.net\/blog\/wp-content\/uploads\/2023\/03\/S5-110A-01-1-200x300.jpg 200w\" sizes=\"auto, (max-width: 333px) 100vw, 333px\" \/><\/a><\/figure>\n\n\n\n<figure class=\"wp-block-image size-large\"><a href=\"https:\/\/s5.mikrocontroller.bplaced.net\/blog\/wp-content\/uploads\/2023\/03\/S5-110A-02.jpg\"><img loading=\"lazy\" decoding=\"async\" width=\"500\" height=\"333\" data-id=\"127\" src=\"https:\/\/s5.mikrocontroller.bplaced.net\/blog\/wp-content\/uploads\/2023\/03\/S5-110A-02.jpg\" alt=\"\" class=\"wp-image-127\" srcset=\"https:\/\/s5.mikrocontroller.bplaced.net\/blog\/wp-content\/uploads\/2023\/03\/S5-110A-02.jpg 500w, https:\/\/s5.mikrocontroller.bplaced.net\/blog\/wp-content\/uploads\/2023\/03\/S5-110A-02-300x200.jpg 300w\" sizes=\"auto, (max-width: 500px) 100vw, 500px\" \/><\/a><\/figure>\n\n\n\n<figure class=\"wp-block-image size-large\"><a href=\"https:\/\/s5.mikrocontroller.bplaced.net\/blog\/wp-content\/uploads\/2023\/03\/S5-110A-03.jpg\"><img loading=\"lazy\" decoding=\"async\" width=\"861\" height=\"564\" data-id=\"128\" src=\"https:\/\/s5.mikrocontroller.bplaced.net\/blog\/wp-content\/uploads\/2023\/03\/S5-110A-03.jpg\" alt=\"\" class=\"wp-image-128\" srcset=\"https:\/\/s5.mikrocontroller.bplaced.net\/blog\/wp-content\/uploads\/2023\/03\/S5-110A-03.jpg 861w, https:\/\/s5.mikrocontroller.bplaced.net\/blog\/wp-content\/uploads\/2023\/03\/S5-110A-03-300x197.jpg 300w, https:\/\/s5.mikrocontroller.bplaced.net\/blog\/wp-content\/uploads\/2023\/03\/S5-110A-03-768x503.jpg 768w\" sizes=\"auto, (max-width: 861px) 100vw, 861px\" \/><\/a><\/figure>\n\n\n\n<figure class=\"wp-block-image size-large\"><a href=\"https:\/\/s5.mikrocontroller.bplaced.net\/blog\/wp-content\/uploads\/2023\/03\/S5-110A-04.jpg\"><img loading=\"lazy\" decoding=\"async\" width=\"798\" height=\"1024\" data-id=\"135\" src=\"https:\/\/s5.mikrocontroller.bplaced.net\/blog\/wp-content\/uploads\/2023\/03\/S5-110A-04-798x1024.jpg\" alt=\"\" class=\"wp-image-135\" srcset=\"https:\/\/s5.mikrocontroller.bplaced.net\/blog\/wp-content\/uploads\/2023\/03\/S5-110A-04-798x1024.jpg 798w, https:\/\/s5.mikrocontroller.bplaced.net\/blog\/wp-content\/uploads\/2023\/03\/S5-110A-04-234x300.jpg 234w, https:\/\/s5.mikrocontroller.bplaced.net\/blog\/wp-content\/uploads\/2023\/03\/S5-110A-04-768x985.jpg 768w, https:\/\/s5.mikrocontroller.bplaced.net\/blog\/wp-content\/uploads\/2023\/03\/S5-110A-04-1197x1536.jpg 1197w, https:\/\/s5.mikrocontroller.bplaced.net\/blog\/wp-content\/uploads\/2023\/03\/S5-110A-04.jpg 1247w\" sizes=\"auto, (max-width: 798px) 100vw, 798px\" \/><\/a><\/figure>\n\n\n\n<figure class=\"wp-block-image size-large\"><a href=\"https:\/\/s5.mikrocontroller.bplaced.net\/blog\/wp-content\/uploads\/2023\/03\/S5-110F-01.jpg\"><img loading=\"lazy\" decoding=\"async\" width=\"682\" height=\"1024\" data-id=\"132\" src=\"https:\/\/s5.mikrocontroller.bplaced.net\/blog\/wp-content\/uploads\/2023\/03\/S5-110F-01-682x1024.jpg\" alt=\"\" class=\"wp-image-132\" srcset=\"https:\/\/s5.mikrocontroller.bplaced.net\/blog\/wp-content\/uploads\/2023\/03\/S5-110F-01-682x1024.jpg 682w, https:\/\/s5.mikrocontroller.bplaced.net\/blog\/wp-content\/uploads\/2023\/03\/S5-110F-01-200x300.jpg 200w, https:\/\/s5.mikrocontroller.bplaced.net\/blog\/wp-content\/uploads\/2023\/03\/S5-110F-01-768x1153.jpg 768w, https:\/\/s5.mikrocontroller.bplaced.net\/blog\/wp-content\/uploads\/2023\/03\/S5-110F-01-1023x1536.jpg 1023w, https:\/\/s5.mikrocontroller.bplaced.net\/blog\/wp-content\/uploads\/2023\/03\/S5-110F-01.jpg 1066w\" sizes=\"auto, (max-width: 682px) 100vw, 682px\" \/><\/a><\/figure>\n\n\n\n<figure class=\"wp-block-image size-large\"><a href=\"https:\/\/s5.mikrocontroller.bplaced.net\/blog\/wp-content\/uploads\/2023\/03\/S5-110F-02.png\"><img loading=\"lazy\" decoding=\"async\" width=\"800\" height=\"212\" data-id=\"134\" src=\"https:\/\/s5.mikrocontroller.bplaced.net\/blog\/wp-content\/uploads\/2023\/03\/S5-110F-02.png\" alt=\"\" class=\"wp-image-134\" srcset=\"https:\/\/s5.mikrocontroller.bplaced.net\/blog\/wp-content\/uploads\/2023\/03\/S5-110F-02.png 800w, https:\/\/s5.mikrocontroller.bplaced.net\/blog\/wp-content\/uploads\/2023\/03\/S5-110F-02-300x80.png 300w, https:\/\/s5.mikrocontroller.bplaced.net\/blog\/wp-content\/uploads\/2023\/03\/S5-110F-02-768x204.png 768w\" sizes=\"auto, (max-width: 800px) 100vw, 800px\" \/><\/a><\/figure>\n\n\n\n<figure class=\"wp-block-image size-large\"><a href=\"https:\/\/s5.mikrocontroller.bplaced.net\/blog\/wp-content\/uploads\/2023\/03\/S5-110S-01.jpg\"><img loading=\"lazy\" decoding=\"async\" width=\"1024\" height=\"683\" data-id=\"133\" src=\"https:\/\/s5.mikrocontroller.bplaced.net\/blog\/wp-content\/uploads\/2023\/03\/S5-110S-01-1024x683.jpg\" alt=\"\" class=\"wp-image-133\" srcset=\"https:\/\/s5.mikrocontroller.bplaced.net\/blog\/wp-content\/uploads\/2023\/03\/S5-110S-01-1024x683.jpg 1024w, https:\/\/s5.mikrocontroller.bplaced.net\/blog\/wp-content\/uploads\/2023\/03\/S5-110S-01-300x200.jpg 300w, https:\/\/s5.mikrocontroller.bplaced.net\/blog\/wp-content\/uploads\/2023\/03\/S5-110S-01-768x512.jpg 768w, https:\/\/s5.mikrocontroller.bplaced.net\/blog\/wp-content\/uploads\/2023\/03\/S5-110S-01.jpg 1500w\" sizes=\"auto, (max-width: 1024px) 100vw, 1024px\" \/><\/a><\/figure>\n\n\n\n<figure class=\"wp-block-image size-large\"><a href=\"https:\/\/s5.mikrocontroller.bplaced.net\/blog\/wp-content\/uploads\/2023\/03\/S5-110S-02.jpg\"><img loading=\"lazy\" decoding=\"async\" width=\"400\" height=\"500\" data-id=\"129\" src=\"https:\/\/s5.mikrocontroller.bplaced.net\/blog\/wp-content\/uploads\/2023\/03\/S5-110S-02.jpg\" alt=\"\" class=\"wp-image-129\" srcset=\"https:\/\/s5.mikrocontroller.bplaced.net\/blog\/wp-content\/uploads\/2023\/03\/S5-110S-02.jpg 400w, https:\/\/s5.mikrocontroller.bplaced.net\/blog\/wp-content\/uploads\/2023\/03\/S5-110S-02-240x300.jpg 240w\" sizes=\"auto, (max-width: 400px) 100vw, 400px\" \/><\/a><\/figure>\n\n\n\n<figure class=\"wp-block-image size-large\"><a href=\"https:\/\/s5.mikrocontroller.bplaced.net\/blog\/wp-content\/uploads\/2023\/03\/S5-110S-03.jpg\"><img loading=\"lazy\" decoding=\"async\" width=\"303\" height=\"500\" data-id=\"130\" src=\"https:\/\/s5.mikrocontroller.bplaced.net\/blog\/wp-content\/uploads\/2023\/03\/S5-110S-03.jpg\" alt=\"\" class=\"wp-image-130\" srcset=\"https:\/\/s5.mikrocontroller.bplaced.net\/blog\/wp-content\/uploads\/2023\/03\/S5-110S-03.jpg 303w, https:\/\/s5.mikrocontroller.bplaced.net\/blog\/wp-content\/uploads\/2023\/03\/S5-110S-03-182x300.jpg 182w\" sizes=\"auto, (max-width: 303px) 100vw, 303px\" \/><\/a><\/figure>\n\n\n\n<figure class=\"wp-block-image size-large\"><a href=\"https:\/\/s5.mikrocontroller.bplaced.net\/blog\/wp-content\/uploads\/2023\/03\/S5-110S-04.jpg\"><img loading=\"lazy\" decoding=\"async\" width=\"484\" height=\"500\" data-id=\"131\" src=\"https:\/\/s5.mikrocontroller.bplaced.net\/blog\/wp-content\/uploads\/2023\/03\/S5-110S-04.jpg\" alt=\"\" class=\"wp-image-131\" srcset=\"https:\/\/s5.mikrocontroller.bplaced.net\/blog\/wp-content\/uploads\/2023\/03\/S5-110S-04.jpg 484w, https:\/\/s5.mikrocontroller.bplaced.net\/blog\/wp-content\/uploads\/2023\/03\/S5-110S-04-290x300.jpg 290w\" sizes=\"auto, (max-width: 484px) 100vw, 484px\" \/><\/a><\/figure>\n<\/figure>\n\n\n\n<p>Siemens Simatic S5 Automatisierungsger\u00e4t 110 \u2013 Alles was Sie wissen m\u00fcssen<\/p>\n\n\n\n<p>Das Siemens Simatic S5 Automatisierungsger\u00e4t 110 ist ein wichtiger Bestandteil der Simatic S5-Produktreihe, die in der Automatisierungstechnik eingesetzt wird. Es wurde speziell f\u00fcr den Einsatz in Industrieumgebungen entwickelt und bietet eine breite Palette von Funktionen f\u00fcr die Steuerung von Maschinen und Anlagen.<\/p>\n\n\n\n<p>Das Automatisierungsger\u00e4t 110 ist ein kompaktes und robustes Ger\u00e4t, das in einem Metallgeh\u00e4use untergebracht ist. Es verf\u00fcgt \u00fcber zahlreiche Schnittstellen, einschlie\u00dflich serieller und paralleler Schnittstellen, sowie eine Ethernet-Schnittstelle, die eine schnelle und zuverl\u00e4ssige Kommunikation mit anderen Ger\u00e4ten erm\u00f6glicht.<\/p>\n\n\n\n<p>Das Ger\u00e4t bietet eine Vielzahl von Eingangs- und Ausgangsschnittstellen f\u00fcr die Verbindung mit verschiedenen Sensoren und Aktoren, einschlie\u00dflich digitaler und analoger Eing\u00e4nge sowie digitaler Ausg\u00e4nge. Es unterst\u00fctzt auch verschiedene Feldbusse, wie z.B. Profibus und AS-Interface.<\/p>\n\n\n\n<p>Das Automatisierungsger\u00e4t 110 wird von einer leistungsf\u00e4higen CPU gesteuert, die eine schnelle und pr\u00e4zise Verarbeitung von Steuerungsbefehlen erm\u00f6glicht. Es unterst\u00fctzt auch eine Vielzahl von Programmiersprachen, einschlie\u00dflich der Programmiersprache AWL (Anweisungsliste) und der Hochsprache S7.<\/p>\n\n\n\n<p>Zus\u00e4tzlich bietet das Ger\u00e4t eine integrierte Diagnosefunktion, die eine schnelle Fehlerbehebung und eine effektive Wartung erm\u00f6glicht. Dar\u00fcber hinaus ist das Ger\u00e4t sehr einfach zu bedienen und bietet eine benutzerfreundliche grafische Benutzeroberfl\u00e4che f\u00fcr die Programmierung und \u00dcberwachung.<\/p>\n\n\n\n<p>Das Siemens Simatic S5 Automatisierungsger\u00e4t 110 wird in einer Vielzahl von Anwendungen eingesetzt, wie z.B. in der Fertigungsindustrie, in der Automobilindustrie, in der Lebensmittelindustrie und in der Geb\u00e4udeautomation. Es ist eine zuverl\u00e4ssige und robuste L\u00f6sung f\u00fcr die Steuerung von Maschinen und Anlagen und bietet eine breite Palette von Funktionen f\u00fcr die Automatisierung.<\/p>\n\n\n\n<p>Insgesamt ist das Siemens Simatic S5 Automatisierungsger\u00e4t 110 ein leistungsf\u00e4higes und zuverl\u00e4ssiges Ger\u00e4t f\u00fcr die Automatisierungstechnik. Es bietet eine breite Palette von Funktionen und Schnittstellen f\u00fcr die Steuerung von Maschinen und Anlagen in industriellen Umgebungen. Mit seiner robusten Bauweise und seiner benutzerfreundlichen Bedienung ist es eine ideale Wahl f\u00fcr Unternehmen, die auf der Suche nach einer zuverl\u00e4ssigen Automatisierungsl\u00f6sung sind.<\/p>\n","protected":false},"excerpt":{"rendered":"<p>Simatic S5-110 \u2013 Modulares Automatisierungsger\u00e4t CPUs 110er Serie System Interner Programmspeicher Besonderheiten 6ES5 900-7AB1x S5-110A \u2013 (nur externes EPROM-Modul) 6ES5 900-7AC1x S5-110A \u2013 (nur externes EPROM-Modul) 6ES5 900-7AD1x S5-110A \u2013 (nur externes EPROM-Modul) 128 Ausgangsmerker, 384 nicht remanente Merker, 511 &hellip; <a href=\"https:\/\/s5.mikrocontroller.bplaced.net\/blog\/simatic-s5-110\/\">Weiterlesen <span class=\"meta-nav\">&rarr;<\/span><\/a><\/p>\n","protected":false},"author":1,"featured_media":0,"parent":0,"menu_order":7,"comment_status":"open","ping_status":"closed","template":"","meta":{"footnotes":""},"class_list":["post-30","page","type-page","status-publish","hentry"],"_links":{"self":[{"href":"https:\/\/s5.mikrocontroller.bplaced.net\/blog\/wp-json\/wp\/v2\/pages\/30","targetHints":{"allow":["GET"]}}],"collection":[{"href":"https:\/\/s5.mikrocontroller.bplaced.net\/blog\/wp-json\/wp\/v2\/pages"}],"about":[{"href":"https:\/\/s5.mikrocontroller.bplaced.net\/blog\/wp-json\/wp\/v2\/types\/page"}],"author":[{"embeddable":true,"href":"https:\/\/s5.mikrocontroller.bplaced.net\/blog\/wp-json\/wp\/v2\/users\/1"}],"replies":[{"embeddable":true,"href":"https:\/\/s5.mikrocontroller.bplaced.net\/blog\/wp-json\/wp\/v2\/comments?post=30"}],"version-history":[{"count":5,"href":"https:\/\/s5.mikrocontroller.bplaced.net\/blog\/wp-json\/wp\/v2\/pages\/30\/revisions"}],"predecessor-version":[{"id":405,"href":"https:\/\/s5.mikrocontroller.bplaced.net\/blog\/wp-json\/wp\/v2\/pages\/30\/revisions\/405"}],"wp:attachment":[{"href":"https:\/\/s5.mikrocontroller.bplaced.net\/blog\/wp-json\/wp\/v2\/media?parent=30"}],"curies":[{"name":"wp","href":"https:\/\/api.w.org\/{rel}","templated":true}]}}