{"id":253,"date":"2023-04-01T18:40:13","date_gmt":"2023-04-01T18:40:13","guid":{"rendered":"https:\/\/s5.mikrocontroller.bplaced.net\/blog\/?page_id=253"},"modified":"2025-10-07T23:45:07","modified_gmt":"2025-10-07T21:45:07","slug":"simatic-s5-pgs","status":"publish","type":"page","link":"https:\/\/s5.mikrocontroller.bplaced.net\/blog\/simatic-s5-pgs\/","title":{"rendered":"Simatic S5 PGs"},"content":{"rendered":"\n<p>Auf dieser Seite erfahrt ihr alles \u00fcber die Simatic S5 Programmierger\u00e4te (PG).<\/p>\n\n\n\n<p>SIMATIC S5 Programmierger\u00e4te sind Ger\u00e4te, die zur Erstellung, \u00dcbertragung und Testen von Programmen f\u00fcr SIMATIC S5 Steuerungen verwendet werden1. SIMATIC S5 ist ein Produktname der Firma Siemens f\u00fcr speicherprogrammierbare Steuerungen (SPS), die seit 1979 auf dem Markt sind2. SIMATIC S5 Programmierger\u00e4te haben integrierte Schnittstellen, die perfekt zu den SIMATIC S5 Controllern passen1. Es gibt verschiedene Modelle von Programmierger\u00e4ten, wie z.B. PG 605U, PG 615, PG 630, PG 635, PG 675, PG 685, PG 695, PG 710, PG 730, PG 740 und PG 750.<\/p>\n\n\n\n<p>Hier die Liste aller PGs:<\/p>\n\n\n\n<ul class=\"wp-block-list\">\n<li><a href=\"https:\/\/s5.mikrocontroller.bplaced.net\/blog\/simatic-s5-pgs\/simatic-s5-pg-605u\/\" data-type=\"page\" data-id=\"274\">Simatic S5 PG 605U<\/a><\/li>\n\n\n\n<li><a href=\"https:\/\/s5.mikrocontroller.bplaced.net\/blog\/simatic-s5-pgs\/simatic-s5-pg-610\/\" data-type=\"page\" data-id=\"581\">Simatic S5 PG 610<\/a><\/li>\n\n\n\n<li><a href=\"https:\/\/s5.mikrocontroller.bplaced.net\/blog\/simatic-s5-pgs\/simatic-s5-pg-615\/\" data-type=\"page\" data-id=\"276\">Simatic S5 PG 615<\/a><\/li>\n\n\n\n<li><a href=\"https:\/\/s5.mikrocontroller.bplaced.net\/blog\/simatic-s5-pgs\/simatic-s5-pg-630\/\" data-type=\"page\" data-id=\"376\">Simatic S5 PG 630<\/a><\/li>\n\n\n\n<li><a href=\"https:\/\/s5.mikrocontroller.bplaced.net\/blog\/simatic-s5-pgs\/simatic-s5-pg-631\/\" data-type=\"page\" data-id=\"278\">Simatic S5 PG 631<\/a><\/li>\n\n\n\n<li><a href=\"https:\/\/s5.mikrocontroller.bplaced.net\/blog\/simatic-s5-pgs\/simatic-s5-pg-635\/\" data-type=\"page\" data-id=\"280\">Simatic S5 PG 635<\/a><\/li>\n\n\n\n<li><a href=\"https:\/\/s5.mikrocontroller.bplaced.net\/blog\/simatic-s5-pgs\/simatic-s5-pg-655\/\">Simatic S5 PG 655<\/a><\/li>\n\n\n\n<li>Simatic S5 PG 670<\/li>\n\n\n\n<li><a href=\"https:\/\/s5.mikrocontroller.bplaced.net\/blog\/simatic-s5-pgs\/simatic-s5-pg-675\/\" data-type=\"page\" data-id=\"284\">Simatic S5 PG 675<\/a><\/li>\n\n\n\n<li><a href=\"https:\/\/s5.mikrocontroller.bplaced.net\/blog\/simatic-s5-pgs\/simatic-s5-pg-685\/\" data-type=\"page\" data-id=\"286\">Simatic S5 PG 685<\/a><\/li>\n\n\n\n<li>Simatic S5 PG 690<\/li>\n\n\n\n<li><a href=\"https:\/\/s5.mikrocontroller.bplaced.net\/blog\/simatic-s5-pgs\/simatic-s5-pg-695\/\" data-type=\"page\" data-id=\"288\">Simatic S5 PG 695<\/a><\/li>\n\n\n\n<li><a href=\"https:\/\/s5.mikrocontroller.bplaced.net\/blog\/simatic-s5-pgs\/simatic-s5-pg-710\/\" data-type=\"page\" data-id=\"290\">Simatic S5 PG 710<\/a><\/li>\n\n\n\n<li><a href=\"https:\/\/s5.mikrocontroller.bplaced.net\/blog\/simatic-s5-pgs\/simatic-s5-pg-720\/\" data-type=\"page\" data-id=\"292\">Simatic S5 PG 720<\/a><\/li>\n\n\n\n<li><a href=\"https:\/\/s5.mikrocontroller.bplaced.net\/blog\/simatic-s5-pgs\/simatic-s5-pg-730\/\" data-type=\"page\" data-id=\"294\">Simatic S5 PG 730<\/a><\/li>\n\n\n\n<li><a href=\"https:\/\/s5.mikrocontroller.bplaced.net\/blog\/simatic-s5-pgs\/simatic-s5-pg-740\/\" data-type=\"page\" data-id=\"296\">Simatic S5 PG 740<\/a><\/li>\n\n\n\n<li><a href=\"https:\/\/s5.mikrocontroller.bplaced.net\/blog\/simatic-s5-pgs\/simatic-s5-pg-750\/\" data-type=\"page\" data-id=\"298\">Simatic S5 PG 750<\/a><\/li>\n<\/ul>\n\n\n\n<h3 class=\"wp-block-heading\">Chronologische \u00dcbersicht der Simatic S5 PG-Modelle<\/h3>\n\n\n\n<p>Hier eine Chronologie aller beschriebenen Programmierger\u00e4te (PGs) aus dieser Serie. Die Tabelle fasst Schl\u00fcsselaspekte zusammen: Modell, Jahr, Typ, Hauptfeatures und eine kurze Notiz zu Varianten. Das deckt die Entwicklung von primitiven Handhelds zu PC-basierten Tools ab \u2013 von den 1970er bis 1990er Jahren.<\/p>\n\n\n\n<figure class=\"wp-block-table\"><table class=\"has-fixed-layout\"><thead><tr><th>Modell<\/th><th>Einf\u00fchrungsjahr<\/th><th>Typ<\/th><th>Hauptfeatures<\/th><th>Notiz zu Varianten<\/th><\/tr><\/thead><tbody><tr><td>PG 610<\/td><td>1979<\/td><td>Handheld (Offline)<\/td><td>5\u00d77 Dot-Matrix-Display (8 Zeichen), AWL-Programmierung, EPROM-Brenner\/UV-L\u00f6schung<\/td><td>Keine Varianten; f\u00fcr S5-110A<\/td><\/tr><tr><td>PG 630<\/td><td>1980<\/td><td>Tragbar (Offline\/Online)<\/td><td>5\u00d77 Dot-Matrix-Display, AWL\/KOP, TTY-Drucker, EPROM-Handling, 3-m-Kabel<\/td><td>Basis-Modell; f\u00fcr S5-030\/110\/130<\/td><\/tr><tr><td>PG 631<\/td><td>1981<\/td><td>Tragbar (CRT)<\/td><td>10-Zoll-Mono-CRT, AWL\/KOP, EPROM-Transfer, Forcing\/Diagnose<\/td><td>F\u00fcr S5-010\/110A\/130; mit Batterie-Backup<\/td><\/tr><tr><td>PG 675<\/td><td>1983<\/td><td>Tragbar (CRT)<\/td><td>23-cm-Mono-CRT, AWL\/KOP\/FUP, 2\u00d75,25&#8243;-Floppies (360 KB), EPROM-Programmierer<\/td><td>Hochklappbare Tastatur; CP\/M 2.2<\/td><\/tr><tr><td>PG 685<\/td><td>1985<\/td><td>Tragbar (CRT)<\/td><td>9,4-Zoll-Mono-CRT, CP\/M-86, 10\/20 MB HDD, 8086\/80286-Prozessor<\/td><td>Varianten: 10\/20 MB; f\u00fcr S5-Serie<\/td><\/tr><tr><td>PG 605U<\/td><td>1987<\/td><td>Handheld (PLC-Strom)<\/td><td>2-Zeiligen LCD (20 Zeichen), AWL-Eingabe, TTY-Current-Loop, volatiler Puffer<\/td><td>Varianten: 0UA11\/12 (Strom\/Kompatibilit\u00e4t)<\/td><\/tr><tr><td>PG 635<\/td><td>1988<\/td><td>Handheld (Klapp-LCD)<\/td><td>4\u00d720-Zeilen LCD, 80C51-Prozessor, STEP 5 (STL\/LAD\/FUP), Batterie (4\u20138 Std.)<\/td><td>Briefcase-Design; f\u00fcr S5-90U\u2013115U<\/td><\/tr><tr><td>PG 615<\/td><td>1990<\/td><td>Handheld (Erweitert)<\/td><td>8-Zeiligen LCD, EPROM-Handling mit Adapter (24 V), Diagnose\/Forcing<\/td><td>F\u00fcr S5-90U\u2013115U; Netzteil f\u00fcr EPROM<\/td><\/tr><tr><td>PG 710<\/td><td>1992<\/td><td>Tragbar (PC-basiert)<\/td><td>9-Zoll-Mono-CRT, 386SL\/20 MHz, 20\/40\/80 MB HDD, MS-DOS\/STEP 5<\/td><td>Varianten: Basis\/Plus\/Economy; Multi-Sprache<\/td><\/tr><tr><td>PG 730<\/td><td>1993<\/td><td>Tragbar (PC-\u00e4hnlich)<\/td><td>9,5-Zoll-Mono-LCD\/TFT, 80386 SX 20 MHz, 4 MB RAM, 100 MB HDD, PCMCIA<\/td><td>Varianten: Basis\/C (Farbdisplay), Multi-Sprache<\/td><\/tr><tr><td>PG 740<\/td><td>1994<\/td><td>Tragbar (Notebook)<\/td><td>13,3-Zoll-TFT (1024\u00d7768), Pentium II 266 MHz, 64 MB RAM, 5,2 GB HDD<\/td><td>Varianten: Original\/PII\/PIII; Windows 95\/NT<\/td><\/tr><tr><td>PG 750<\/td><td>1994<\/td><td>Tragbar (High-End)<\/td><td>10,5-Zoll-Farb-CRT, 80486 DX 33 MHz, 8 MB RAM, 122 MB HDD, EISA-Bus<\/td><td>Varianten: P1\/P2; MS-DOS\/STEP 5<\/td><\/tr><tr><td>PG 720<\/td><td>1995<\/td><td>Tragbar (Field-PC)<\/td><td>9,4-Zoll-STN-LCD (640\u00d7480), 80486, 32 MB RAM, 3,5&#8243;-Floppy, Batterie (4\u20138 Std.)<\/td><td>Varianten: P\/PII; MPI\/DP, PCMCIA<\/td><\/tr><\/tbody><\/table><\/figure>\n","protected":false},"excerpt":{"rendered":"<p>Auf dieser Seite erfahrt ihr alles \u00fcber die Simatic S5 Programmierger\u00e4te (PG). SIMATIC S5 Programmierger\u00e4te sind Ger\u00e4te, die zur Erstellung, \u00dcbertragung und Testen von Programmen f\u00fcr SIMATIC S5 Steuerungen verwendet werden1. SIMATIC S5 ist ein Produktname der Firma Siemens f\u00fcr &hellip; <a href=\"https:\/\/s5.mikrocontroller.bplaced.net\/blog\/simatic-s5-pgs\/\">Weiterlesen <span class=\"meta-nav\">&rarr;<\/span><\/a><\/p>\n","protected":false},"author":1,"featured_media":301,"parent":0,"menu_order":13,"comment_status":"open","ping_status":"closed","template":"","meta":{"footnotes":""},"class_list":["post-253","page","type-page","status-publish","has-post-thumbnail","hentry"],"_links":{"self":[{"href":"https:\/\/s5.mikrocontroller.bplaced.net\/blog\/wp-json\/wp\/v2\/pages\/253","targetHints":{"allow":["GET"]}}],"collection":[{"href":"https:\/\/s5.mikrocontroller.bplaced.net\/blog\/wp-json\/wp\/v2\/pages"}],"about":[{"href":"https:\/\/s5.mikrocontroller.bplaced.net\/blog\/wp-json\/wp\/v2\/types\/page"}],"author":[{"embeddable":true,"href":"https:\/\/s5.mikrocontroller.bplaced.net\/blog\/wp-json\/wp\/v2\/users\/1"}],"replies":[{"embeddable":true,"href":"https:\/\/s5.mikrocontroller.bplaced.net\/blog\/wp-json\/wp\/v2\/comments?post=253"}],"version-history":[{"count":10,"href":"https:\/\/s5.mikrocontroller.bplaced.net\/blog\/wp-json\/wp\/v2\/pages\/253\/revisions"}],"predecessor-version":[{"id":781,"href":"https:\/\/s5.mikrocontroller.bplaced.net\/blog\/wp-json\/wp\/v2\/pages\/253\/revisions\/781"}],"wp:featuredmedia":[{"embeddable":true,"href":"https:\/\/s5.mikrocontroller.bplaced.net\/blog\/wp-json\/wp\/v2\/media\/301"}],"wp:attachment":[{"href":"https:\/\/s5.mikrocontroller.bplaced.net\/blog\/wp-json\/wp\/v2\/media?parent=253"}],"curies":[{"name":"wp","href":"https:\/\/api.w.org\/{rel}","templated":true}]}}