{"id":24,"date":"2023-03-05T22:26:34","date_gmt":"2023-03-05T22:26:34","guid":{"rendered":"https:\/\/s5.mikrocontroller.bplaced.net\/blog\/?page_id=24"},"modified":"2023-09-01T22:16:28","modified_gmt":"2023-09-01T22:16:28","slug":"simatic-s5-100u","status":"publish","type":"page","link":"https:\/\/s5.mikrocontroller.bplaced.net\/blog\/simatic-s5-100u\/","title":{"rendered":"Simatic S5-100U"},"content":{"rendered":"\n<p>Simatic S5-100U \u2013 Modular aufgebautes Kleinsteuerger\u00e4t<\/p>\n\n\n\n<figure class=\"wp-block-image size-large\"><img loading=\"lazy\" decoding=\"async\" width=\"768\" height=\"1024\" src=\"https:\/\/s5.mikrocontroller.bplaced.net\/blog\/wp-content\/uploads\/2023\/03\/S5-100U-01-768x1024.jpg\" alt=\"\" class=\"wp-image-92\" srcset=\"https:\/\/s5.mikrocontroller.bplaced.net\/blog\/wp-content\/uploads\/2023\/03\/S5-100U-01-768x1024.jpg 768w, https:\/\/s5.mikrocontroller.bplaced.net\/blog\/wp-content\/uploads\/2023\/03\/S5-100U-01-225x300.jpg 225w, https:\/\/s5.mikrocontroller.bplaced.net\/blog\/wp-content\/uploads\/2023\/03\/S5-100U-01-1152x1536.jpg 1152w, https:\/\/s5.mikrocontroller.bplaced.net\/blog\/wp-content\/uploads\/2023\/03\/S5-100U-01.jpg 1200w\" sizes=\"auto, (max-width: 768px) 100vw, 768px\" \/><\/figure>\n\n\n\n<ul class=\"wp-block-list\">\n<li><a href=\"https:\/\/s5.mikrocontroller.bplaced.net\/blog\/wp-content\/uploads\/2023\/03\/S5-100U_Geraetehandbuch_6ES5998-0UB13_d.pdf\" data-type=\"attachment\" data-id=\"194\" target=\"_blank\" rel=\"noreferrer noopener\">S5-100U Ger\u00e4tehandbuch (deutsch).pdf<\/a><\/li>\n\n\n\n<li><a href=\"https:\/\/s5.mikrocontroller.bplaced.net\/blog\/wp-content\/uploads\/2023\/03\/S5-100U_Operationsliste_6ES5_997-8MA11_d.pdf\" data-type=\"attachment\" data-id=\"195\" target=\"_blank\" rel=\"noreferrer noopener\">S5-100U Operationsliste (deutsch).pdf<\/a><\/li>\n<\/ul>\n\n\n\n<figure class=\"wp-block-table\"><table><thead><tr><th>CPUs 100er Serie<\/th><th>CPU<\/th><th>Interner Programm-\/Datenspeicher<\/th><th>Besonderheiten<\/th><\/tr><\/thead><tbody><tr><td>6ES5 100-8MA0x<\/td><td>CPU 100<\/td><td>2 kByte<\/td><td>keine Onboard-Peripherie, reduzierter Befehlssatz<\/td><\/tr><tr><td>6ES5 102-8MA0x<\/td><td>CPU 102<\/td><td>4 kByte<\/td><td>keine Onboard-Peripherie, ca. 10\u00d7 schneller als CPU 100<\/td><\/tr><tr><td>6ES5 103-8MA0x<\/td><td>CPU 103<\/td><td>20 kByte<\/td><td>keine Onboard-Peripherie, ca. 10\u00d7 schneller als CPU 102, integrierte Uhr<\/td><\/tr><\/tbody><\/table><\/figure>\n\n\n\n<figure class=\"wp-block-gallery has-nested-images columns-default is-cropped wp-block-gallery-1 is-layout-flex wp-block-gallery-is-layout-flex\">\n<figure class=\"wp-block-image size-large\"><a href=\"https:\/\/s5.mikrocontroller.bplaced.net\/blog\/wp-content\/uploads\/2023\/03\/S5-100U-01-1.jpg\"><img loading=\"lazy\" decoding=\"async\" width=\"768\" height=\"1024\" data-id=\"100\" src=\"https:\/\/s5.mikrocontroller.bplaced.net\/blog\/wp-content\/uploads\/2023\/03\/S5-100U-01-1-768x1024.jpg\" alt=\"\" class=\"wp-image-100\" srcset=\"https:\/\/s5.mikrocontroller.bplaced.net\/blog\/wp-content\/uploads\/2023\/03\/S5-100U-01-1-768x1024.jpg 768w, https:\/\/s5.mikrocontroller.bplaced.net\/blog\/wp-content\/uploads\/2023\/03\/S5-100U-01-1-225x300.jpg 225w, https:\/\/s5.mikrocontroller.bplaced.net\/blog\/wp-content\/uploads\/2023\/03\/S5-100U-01-1-1152x1536.jpg 1152w, https:\/\/s5.mikrocontroller.bplaced.net\/blog\/wp-content\/uploads\/2023\/03\/S5-100U-01-1.jpg 1200w\" sizes=\"auto, (max-width: 768px) 100vw, 768px\" \/><\/a><\/figure>\n\n\n\n<figure class=\"wp-block-image size-large\"><a href=\"https:\/\/s5.mikrocontroller.bplaced.net\/blog\/wp-content\/uploads\/2023\/03\/S5-100U-02.jpg\"><img loading=\"lazy\" decoding=\"async\" width=\"768\" height=\"1024\" data-id=\"98\" src=\"https:\/\/s5.mikrocontroller.bplaced.net\/blog\/wp-content\/uploads\/2023\/03\/S5-100U-02-768x1024.jpg\" alt=\"\" class=\"wp-image-98\" srcset=\"https:\/\/s5.mikrocontroller.bplaced.net\/blog\/wp-content\/uploads\/2023\/03\/S5-100U-02-768x1024.jpg 768w, https:\/\/s5.mikrocontroller.bplaced.net\/blog\/wp-content\/uploads\/2023\/03\/S5-100U-02-225x300.jpg 225w, https:\/\/s5.mikrocontroller.bplaced.net\/blog\/wp-content\/uploads\/2023\/03\/S5-100U-02-1152x1536.jpg 1152w, https:\/\/s5.mikrocontroller.bplaced.net\/blog\/wp-content\/uploads\/2023\/03\/S5-100U-02.jpg 1200w\" sizes=\"auto, (max-width: 768px) 100vw, 768px\" \/><\/a><\/figure>\n\n\n\n<figure class=\"wp-block-image size-large\"><a href=\"https:\/\/s5.mikrocontroller.bplaced.net\/blog\/wp-content\/uploads\/2023\/03\/S5-100U-03.jpg\"><img loading=\"lazy\" decoding=\"async\" width=\"768\" height=\"1024\" data-id=\"99\" src=\"https:\/\/s5.mikrocontroller.bplaced.net\/blog\/wp-content\/uploads\/2023\/03\/S5-100U-03-768x1024.jpg\" alt=\"\" class=\"wp-image-99\" srcset=\"https:\/\/s5.mikrocontroller.bplaced.net\/blog\/wp-content\/uploads\/2023\/03\/S5-100U-03-768x1024.jpg 768w, https:\/\/s5.mikrocontroller.bplaced.net\/blog\/wp-content\/uploads\/2023\/03\/S5-100U-03-225x300.jpg 225w, https:\/\/s5.mikrocontroller.bplaced.net\/blog\/wp-content\/uploads\/2023\/03\/S5-100U-03-1152x1536.jpg 1152w, https:\/\/s5.mikrocontroller.bplaced.net\/blog\/wp-content\/uploads\/2023\/03\/S5-100U-03.jpg 1200w\" sizes=\"auto, (max-width: 768px) 100vw, 768px\" \/><\/a><\/figure>\n\n\n\n<figure class=\"wp-block-image size-large\"><a href=\"https:\/\/s5.mikrocontroller.bplaced.net\/blog\/wp-content\/uploads\/2023\/03\/S5-100U-04.jpg\"><img loading=\"lazy\" decoding=\"async\" width=\"922\" height=\"1024\" data-id=\"96\" src=\"https:\/\/s5.mikrocontroller.bplaced.net\/blog\/wp-content\/uploads\/2023\/03\/S5-100U-04-922x1024.jpg\" alt=\"\" class=\"wp-image-96\" srcset=\"https:\/\/s5.mikrocontroller.bplaced.net\/blog\/wp-content\/uploads\/2023\/03\/S5-100U-04-922x1024.jpg 922w, https:\/\/s5.mikrocontroller.bplaced.net\/blog\/wp-content\/uploads\/2023\/03\/S5-100U-04-270x300.jpg 270w, https:\/\/s5.mikrocontroller.bplaced.net\/blog\/wp-content\/uploads\/2023\/03\/S5-100U-04-768x853.jpg 768w, https:\/\/s5.mikrocontroller.bplaced.net\/blog\/wp-content\/uploads\/2023\/03\/S5-100U-04.jpg 944w\" sizes=\"auto, (max-width: 922px) 100vw, 922px\" \/><\/a><\/figure>\n\n\n\n<figure class=\"wp-block-image size-large\"><a href=\"https:\/\/s5.mikrocontroller.bplaced.net\/blog\/wp-content\/uploads\/2023\/03\/S5-100U-05.jpg\"><img loading=\"lazy\" decoding=\"async\" width=\"972\" height=\"1017\" data-id=\"94\" src=\"https:\/\/s5.mikrocontroller.bplaced.net\/blog\/wp-content\/uploads\/2023\/03\/S5-100U-05.jpg\" alt=\"\" class=\"wp-image-94\" srcset=\"https:\/\/s5.mikrocontroller.bplaced.net\/blog\/wp-content\/uploads\/2023\/03\/S5-100U-05.jpg 972w, https:\/\/s5.mikrocontroller.bplaced.net\/blog\/wp-content\/uploads\/2023\/03\/S5-100U-05-287x300.jpg 287w, https:\/\/s5.mikrocontroller.bplaced.net\/blog\/wp-content\/uploads\/2023\/03\/S5-100U-05-768x804.jpg 768w\" sizes=\"auto, (max-width: 972px) 100vw, 972px\" \/><\/a><\/figure>\n\n\n\n<figure class=\"wp-block-image size-large\"><a href=\"https:\/\/s5.mikrocontroller.bplaced.net\/blog\/wp-content\/uploads\/2023\/03\/S5-100U-06.jpg\"><img loading=\"lazy\" decoding=\"async\" width=\"1024\" height=\"1005\" data-id=\"95\" src=\"https:\/\/s5.mikrocontroller.bplaced.net\/blog\/wp-content\/uploads\/2023\/03\/S5-100U-06-1024x1005.jpg\" alt=\"\" class=\"wp-image-95\" srcset=\"https:\/\/s5.mikrocontroller.bplaced.net\/blog\/wp-content\/uploads\/2023\/03\/S5-100U-06-1024x1005.jpg 1024w, https:\/\/s5.mikrocontroller.bplaced.net\/blog\/wp-content\/uploads\/2023\/03\/S5-100U-06-300x294.jpg 300w, https:\/\/s5.mikrocontroller.bplaced.net\/blog\/wp-content\/uploads\/2023\/03\/S5-100U-06-768x753.jpg 768w, https:\/\/s5.mikrocontroller.bplaced.net\/blog\/wp-content\/uploads\/2023\/03\/S5-100U-06.jpg 1053w\" sizes=\"auto, (max-width: 1024px) 100vw, 1024px\" \/><\/a><\/figure>\n\n\n\n<figure class=\"wp-block-image size-large\"><a href=\"https:\/\/s5.mikrocontroller.bplaced.net\/blog\/wp-content\/uploads\/2023\/03\/S5-100U-07.jpg\"><img loading=\"lazy\" decoding=\"async\" width=\"876\" height=\"972\" data-id=\"97\" src=\"https:\/\/s5.mikrocontroller.bplaced.net\/blog\/wp-content\/uploads\/2023\/03\/S5-100U-07.jpg\" alt=\"\" class=\"wp-image-97\" srcset=\"https:\/\/s5.mikrocontroller.bplaced.net\/blog\/wp-content\/uploads\/2023\/03\/S5-100U-07.jpg 876w, https:\/\/s5.mikrocontroller.bplaced.net\/blog\/wp-content\/uploads\/2023\/03\/S5-100U-07-270x300.jpg 270w, https:\/\/s5.mikrocontroller.bplaced.net\/blog\/wp-content\/uploads\/2023\/03\/S5-100U-07-768x852.jpg 768w\" sizes=\"auto, (max-width: 876px) 100vw, 876px\" \/><\/a><\/figure>\n\n\n\n<figure class=\"wp-block-image size-large\"><a href=\"https:\/\/s5.mikrocontroller.bplaced.net\/blog\/wp-content\/uploads\/2023\/03\/S5-100U-08.jpg\"><img loading=\"lazy\" decoding=\"async\" width=\"500\" height=\"440\" data-id=\"93\" src=\"https:\/\/s5.mikrocontroller.bplaced.net\/blog\/wp-content\/uploads\/2023\/03\/S5-100U-08.jpg\" alt=\"\" class=\"wp-image-93\" srcset=\"https:\/\/s5.mikrocontroller.bplaced.net\/blog\/wp-content\/uploads\/2023\/03\/S5-100U-08.jpg 500w, https:\/\/s5.mikrocontroller.bplaced.net\/blog\/wp-content\/uploads\/2023\/03\/S5-100U-08-300x264.jpg 300w\" sizes=\"auto, (max-width: 500px) 100vw, 500px\" \/><\/a><\/figure>\n<\/figure>\n\n\n\n<p>SIEMENS Simatic S5 100U ist ein elektronisches Steuerungssystem, das in der industriellen Automatisierung eingesetzt wird. Es ist im Grunde ein Computer, der speziell f\u00fcr die Steuerung von Maschinen und Anlagen entwickelt wurde. Es wird verwendet, um die Produktion von vielen verschiedenen Dingen zu automatisieren, wie zum Beispiel Autos, Lebensmittel oder Medizinprodukte.<\/p>\n\n\n\n<p>Die S5 100U ist eine der \u00e4lteren Versionen von Siemens Steuerungssystemen und wurde in den 1980er Jahren eingef\u00fchrt. Es ist jedoch immer noch in einigen Anlagen im Einsatz. Es besteht aus einem Hauptprozessor, der Informationen von verschiedenen Sensoren und Aktoren empf\u00e4ngt und dann Entscheidungen trifft, um die Anlage oder Maschine zu steuern.<\/p>\n\n\n\n<p>Die Programmierung von SIEMENS Simatic S5 100U erfolgt \u00fcber eine spezielle Programmiersprache, die sogenannte Step-5-Sprache. Es gibt eine Vielzahl von Befehlen und Funktionen, die verwendet werden k\u00f6nnen, um das System zu programmieren und anzupassen. Die Programmierung kann komplex sein, erfordert aber in der Regel eine gr\u00fcndliche Schulung.<\/p>\n\n\n\n<p>Das System wird h\u00e4ufig in der Industrie eingesetzt, um sicherzustellen, dass Maschinen und Anlagen ordnungsgem\u00e4\u00df funktionieren und die Produktion so effizient wie m\u00f6glich ist. Es ist auch ein wichtiges Werkzeug, um die Sicherheit in industriellen Prozessen zu gew\u00e4hrleisten, da es dazu beitragen kann, Unf\u00e4lle und Fehler zu vermeiden.<\/p>\n\n\n\n<p>Insgesamt ist SIEMENS Simatic S5 100U ein wichtiger Bestandteil der industriellen Automatisierung. Obwohl es nicht mehr die neueste Version von Siemens Steuerungssystemen ist, wird es immer noch in einigen Anlagen eingesetzt und hat einen wichtigen Beitrag zur Verbesserung der Produktionseffizienz und Sicherheit geleistet.<\/p>\n\n\n\n<p>Technische Daten:<\/p>\n\n\n\n<ul class=\"wp-block-list\">\n<li><strong><a href=\"https:\/\/s5.mikrocontroller.bplaced.net\/blog\/wp-content\/uploads\/2023\/08\/6ES5-100-8MA02.jpg\" data-type=\"attachment\" data-id=\"502\">6ES5 100-8MA02<\/a><\/strong> Zentralbaugruppe CPU 100<\/li>\n<\/ul>\n\n\n\n<figure class=\"wp-block-table\"><table><tbody><tr><td>Interner Speicher<\/td><td>RAM <strong>1024<\/strong> Anweisungen<\/td><\/tr><tr><td>Speichermodul<\/td><td><strong>EPROM \/ EEPROM<\/strong><\/td><\/tr><tr><td>Bearbeitungszeit je Bin\u00e4roperation<\/td><td>ca. <strong>70 \u00b5s<\/strong><\/td><\/tr><tr><td>Bearbeitungszeit je Wortoperation<\/td><td>ca. <strong>125 \u00b5s<\/strong><\/td><\/tr><tr><td>Zyklus\u00fcberwachungszeit<\/td><td>ca. <strong>300 ms<\/strong><\/td><\/tr><tr><td>Merker<\/td><td><strong>1024<\/strong>: davon 512 remanent<\/td><\/tr><tr><td>Zeitglieder: Anzahl \/ <br>Zeitbereich<\/td><td>ca. <strong>16<\/strong>; <br><strong>0,01 &#8230; 9990<\/strong> s<\/td><\/tr><tr><td>Z\u00e4hler: Anzahl \/ <br>Z\u00e4hlbereich<\/td><td><strong>16<\/strong>; davon 8 remanent<br><strong>0 &#8230; 999<\/strong> (vorw\u00e4rts, r\u00fcckw\u00e4rts)<\/td><\/tr><tr><td>Digitaleing\u00e4nge-Ausg\u00e4nge zusammen<\/td><td>max. <strong>256<\/strong><\/td><\/tr><tr><td>Analogeing\u00e4nge-Ausg\u00e4nge zusammen<\/td><td>max. <strong>8<\/strong><\/td><\/tr><tr><td>Organisationsbausteine<\/td><td><strong>OB1, 21, 22, 34<\/strong><\/td><\/tr><tr><td>Programmbausteine<\/td><td>0 &#8230; <strong>63<\/strong><\/td><\/tr><tr><td>Funktionsbausteine<br>&#8211; programmierbare<br>&#8211; integrierte<\/td><td>0 &#8230; <strong>63<\/strong><br><strong>nein<\/strong><\/td><\/tr><tr><td>Schrittbausteine<\/td><td><strong>nein<\/strong><\/td><\/tr><tr><td>Datenbausteine<\/td><td>2 &#8230; <strong>63<\/strong><\/td><\/tr><tr><td>Befehlsumfang<\/td><td>ca. <strong>60<\/strong><\/td><\/tr><\/tbody><\/table><figcaption class=\"wp-element-caption\">Technische Daten CPU 100<\/figcaption><\/figure>\n\n\n\n<ul class=\"wp-block-list\">\n<li><\/li>\n<\/ul>\n\n\n\n<ul class=\"wp-block-list\">\n<li><strong><a href=\"https:\/\/s5.mikrocontroller.bplaced.net\/blog\/wp-content\/uploads\/2023\/08\/6ES5-102-8MA02.jpg\" data-type=\"attachment\" data-id=\"501\">6ES5 102-8MA02<\/a><\/strong> Zentralbaugruppe CPU 102<\/li>\n<\/ul>\n\n\n\n<figure class=\"wp-block-table\"><table><tbody><tr><td>Interner Speicher<\/td><td>RAM <strong>2048<\/strong> Anweisungen<\/td><\/tr><tr><td>Speichermodul<\/td><td><strong>EPROM \/ EEPROM<\/strong><\/td><\/tr><tr><td>Bearbeitungszeit je Bin\u00e4roperation<\/td><td>ca. <strong>7 \/ 70 \u00b5s<\/strong><\/td><\/tr><tr><td>Bearbeitungszeit je Wortoperation<\/td><td>ca. <strong>40 \/ 125 \u00b5s<\/strong><\/td><\/tr><tr><td>Zyklus\u00fcberwachungszeit<\/td><td>ca. <strong>350 ms<\/strong><\/td><\/tr><tr><td>Merker<\/td><td><strong>1024<\/strong>: davon 512 remanent<\/td><\/tr><tr><td>Zeitglieder: Anzahl \/ <br>Zeitbereich<\/td><td>ca. <strong>32<\/strong>; <br><strong>0,01 &#8230; 9990<\/strong> s<\/td><\/tr><tr><td>Z\u00e4hler: Anzahl \/ <br>Z\u00e4hlbereich<\/td><td><strong>16<\/strong>; davon 8 remanent<br><strong>0 &#8230; 999<\/strong> (vorw\u00e4rts, r\u00fcckw\u00e4rts)<\/td><\/tr><tr><td>Digitaleing\u00e4nge-Ausg\u00e4nge zusammen<\/td><td>max. <strong>256<\/strong><\/td><\/tr><tr><td>Analogeing\u00e4nge-Ausg\u00e4nge zusammen<\/td><td>max. <strong>16<\/strong><\/td><\/tr><tr><td>Organisationsbausteine<\/td><td><strong>OB1, 21, 22, 34<\/strong><\/td><\/tr><tr><td>Programmbausteine<\/td><td>0 &#8230; <strong>63<\/strong><\/td><\/tr><tr><td>Funktionsbausteine<br>&#8211; programmierbare<br>&#8211; integrierte<\/td><td>0 &#8230; <strong>63<\/strong><br><strong>240 &#8230; 243, 250, 251<\/strong><\/td><\/tr><tr><td>Schrittbausteine<\/td><td><strong>nein<\/strong><\/td><\/tr><tr><td>Datenbausteine<\/td><td>2 &#8230; <strong>63<\/strong><\/td><\/tr><tr><td>Befehlsumfang<\/td><td>ca. <strong>60<\/strong><\/td><\/tr><\/tbody><\/table><figcaption class=\"wp-element-caption\">Technische Daten CPU 102<\/figcaption><\/figure>\n\n\n\n<ul class=\"wp-block-list\">\n<li><strong><a href=\"https:\/\/s5.mikrocontroller.bplaced.net\/blog\/wp-content\/uploads\/2023\/08\/6ES5-103-8MA03.jpg\" data-type=\"attachment\" data-id=\"500\">6ES5 103-8MA03<\/a><\/strong> Zentralbaugruppe CPU 103<\/li>\n<\/ul>\n\n\n\n<figure class=\"wp-block-table\"><table><tbody><tr><td>Interner Speicher<\/td><td>RAM <strong>10240<\/strong> Anweisungen<\/td><\/tr><tr><td>Speichermodul<\/td><td><strong>EPROM \/ EEPROM<\/strong><\/td><\/tr><tr><td>Uhr &#8211; Ganggenauigkeit<\/td><td>+\/- <strong>2s \/ Tag<\/strong><\/td><\/tr><tr><td>Bearbeitungszeit je Bin\u00e4roperation<\/td><td>ca. <strong>0,8 \u00b5s<\/strong><\/td><\/tr><tr><td>Bearbeitungszeit je Wortoperation<\/td><td>ca. <strong>100 \u00b5s<\/strong><\/td><\/tr><tr><td>Zyklus\u00fcberwachungszeit<\/td><td>ca. <strong>500 ms<\/strong> einstellbar<\/td><\/tr><tr><td>Merker<\/td><td><strong>2048<\/strong>: davon 512 remanent<\/td><\/tr><tr><td>Zeitglieder: Anzahl \/ <br>Zeitbereich<\/td><td>ca. <strong>28<\/strong>; <br><strong>0,01 &#8230; 9990<\/strong> s<\/td><\/tr><tr><td>Z\u00e4hler: Anzahl \/ <br>Z\u00e4hlbereich<\/td><td><strong>128<\/strong>; davon 8 remanent<br><strong>0 &#8230; 999<\/strong> (vorw\u00e4rts, r\u00fcckw\u00e4rts)<\/td><\/tr><tr><td>Digitaleing\u00e4nge-Ausg\u00e4nge zusammen<\/td><td>max. <strong>256<\/strong><\/td><\/tr><tr><td>Analogeing\u00e4nge-Ausg\u00e4nge zusammen<\/td><td>max. <strong>32<\/strong><\/td><\/tr><tr><td>Organisationsbausteine<\/td><td><strong>OB1, 2, 13, 21, 22, 31, 34, 251<\/strong><\/td><\/tr><tr><td>Programmbausteine<\/td><td>0 &#8230; <strong>255<\/strong><\/td><\/tr><tr><td>Funktionsbausteine<br>&#8211; programmierbare<br>&#8211; integrierte<\/td><td>0 &#8230; <strong>255<\/strong><br><strong>240 &#8230; 243, 250, 251<\/strong><\/td><\/tr><tr><td>Schrittbausteine<\/td><td>0 &#8230; <strong>255<\/strong><\/td><\/tr><tr><td>Datenbausteine<\/td><td>0 &#8230; <strong>255<\/strong><\/td><\/tr><tr><td>Befehlsumfang<\/td><td>ca. <strong>180<\/strong><\/td><\/tr><\/tbody><\/table><figcaption class=\"wp-element-caption\">Technische Daten CPU 103<\/figcaption><\/figure>\n\n\n\n<p>Peripheriebaugruppen f\u00fcr S5-100 habe ich in diesem Beitrag aufgelistet:<\/p>\n\n\n\n<figure class=\"wp-block-embed is-type-wp-embed is-provider-siemens-simatic-s-5 wp-block-embed-siemens-simatic-s-5\"><div class=\"wp-block-embed__wrapper\">\n<blockquote class=\"wp-embedded-content\" data-secret=\"UHq6klj6Jo\"><a href=\"https:\/\/s5.mikrocontroller.bplaced.net\/blog\/2023\/08\/06\/peripheriebaugruppen-fur-s5-100\/\">Peripheriebaugruppen f\u00fcr S5-100<\/a><\/blockquote><iframe loading=\"lazy\" class=\"wp-embedded-content\" sandbox=\"allow-scripts\" security=\"restricted\" style=\"position: absolute; clip: rect(1px, 1px, 1px, 1px);\" title=\"&#8222;Peripheriebaugruppen f\u00fcr S5-100&#8220; &#8212; SIEMENS Simatic S5\" src=\"https:\/\/s5.mikrocontroller.bplaced.net\/blog\/2023\/08\/06\/peripheriebaugruppen-fur-s5-100\/embed\/#?secret=z0LpKLujyL#?secret=UHq6klj6Jo\" data-secret=\"UHq6klj6Jo\" width=\"600\" height=\"338\" frameborder=\"0\" marginwidth=\"0\" marginheight=\"0\" scrolling=\"no\"><\/iframe>\n<\/div><\/figure>\n","protected":false},"excerpt":{"rendered":"<p>Simatic S5-100U \u2013 Modular aufgebautes Kleinsteuerger\u00e4t CPUs 100er Serie CPU Interner Programm-\/Datenspeicher Besonderheiten 6ES5 100-8MA0x CPU 100 2 kByte keine Onboard-Peripherie, reduzierter Befehlssatz 6ES5 102-8MA0x CPU 102 4 kByte keine Onboard-Peripherie, ca. 10\u00d7 schneller als CPU 100 6ES5 103-8MA0x CPU &hellip; <a href=\"https:\/\/s5.mikrocontroller.bplaced.net\/blog\/simatic-s5-100u\/\">Weiterlesen <span class=\"meta-nav\">&rarr;<\/span><\/a><\/p>\n","protected":false},"author":1,"featured_media":0,"parent":0,"menu_order":4,"comment_status":"open","ping_status":"closed","template":"","meta":{"footnotes":""},"class_list":["post-24","page","type-page","status-publish","hentry"],"_links":{"self":[{"href":"https:\/\/s5.mikrocontroller.bplaced.net\/blog\/wp-json\/wp\/v2\/pages\/24","targetHints":{"allow":["GET"]}}],"collection":[{"href":"https:\/\/s5.mikrocontroller.bplaced.net\/blog\/wp-json\/wp\/v2\/pages"}],"about":[{"href":"https:\/\/s5.mikrocontroller.bplaced.net\/blog\/wp-json\/wp\/v2\/types\/page"}],"author":[{"embeddable":true,"href":"https:\/\/s5.mikrocontroller.bplaced.net\/blog\/wp-json\/wp\/v2\/users\/1"}],"replies":[{"embeddable":true,"href":"https:\/\/s5.mikrocontroller.bplaced.net\/blog\/wp-json\/wp\/v2\/comments?post=24"}],"version-history":[{"count":8,"href":"https:\/\/s5.mikrocontroller.bplaced.net\/blog\/wp-json\/wp\/v2\/pages\/24\/revisions"}],"predecessor-version":[{"id":504,"href":"https:\/\/s5.mikrocontroller.bplaced.net\/blog\/wp-json\/wp\/v2\/pages\/24\/revisions\/504"}],"wp:attachment":[{"href":"https:\/\/s5.mikrocontroller.bplaced.net\/blog\/wp-json\/wp\/v2\/media?parent=24"}],"curies":[{"name":"wp","href":"https:\/\/api.w.org\/{rel}","templated":true}]}}