{"id":20,"date":"2023-03-05T22:23:58","date_gmt":"2023-03-05T22:23:58","guid":{"rendered":"https:\/\/s5.mikrocontroller.bplaced.net\/blog\/?page_id=20"},"modified":"2023-09-01T22:16:22","modified_gmt":"2023-09-01T22:16:22","slug":"simatic-s5-95","status":"publish","type":"page","link":"https:\/\/s5.mikrocontroller.bplaced.net\/blog\/simatic-s5-95\/","title":{"rendered":"Simatic S5-95"},"content":{"rendered":"\n<p>Simatic S5-95 \u2013 Kompaktes Kleinsteuerger\u00e4t<\/p>\n\n\n\n<figure class=\"wp-block-image size-large\"><img loading=\"lazy\" decoding=\"async\" width=\"1024\" height=\"768\" src=\"https:\/\/s5.mikrocontroller.bplaced.net\/blog\/wp-content\/uploads\/2023\/03\/S5-95U-01-1024x768.jpg\" alt=\"\" class=\"wp-image-81\" srcset=\"https:\/\/s5.mikrocontroller.bplaced.net\/blog\/wp-content\/uploads\/2023\/03\/S5-95U-01-1024x768.jpg 1024w, https:\/\/s5.mikrocontroller.bplaced.net\/blog\/wp-content\/uploads\/2023\/03\/S5-95U-01-300x225.jpg 300w, https:\/\/s5.mikrocontroller.bplaced.net\/blog\/wp-content\/uploads\/2023\/03\/S5-95U-01-768x576.jpg 768w, https:\/\/s5.mikrocontroller.bplaced.net\/blog\/wp-content\/uploads\/2023\/03\/S5-95U-01-1536x1152.jpg 1536w, https:\/\/s5.mikrocontroller.bplaced.net\/blog\/wp-content\/uploads\/2023\/03\/S5-95U-01.jpg 1600w\" sizes=\"auto, (max-width: 1024px) 100vw, 1024px\" \/><\/figure>\n\n\n\n<ul class=\"wp-block-list\">\n<li><a rel=\"noreferrer noopener\" href=\"https:\/\/s5.mikrocontroller.bplaced.net\/blog\/wp-content\/uploads\/2023\/03\/S5-90U_95U_Systemhandbuch_6ES5_998-8MA12_d.pdf\" target=\"_blank\">S5-90U\/95U Systemhandbuch (deutsch).pdf<\/a><\/li>\n<\/ul>\n\n\n\n<ul class=\"wp-block-list\">\n<li>Simatic S5-95F \u2013 Fehlersichere Variante<\/li>\n\n\n\n<li>Simatic S5-95U \u2013 Universell einsetzbare Variante<\/li>\n<\/ul>\n\n\n\n<figure class=\"wp-block-table\"><table><thead><tr><th>CPUs 95er Serie<\/th><th>System<\/th><th>Interner Programm-\/Datenspeicher<\/th><th>Besonderheiten<\/th><\/tr><\/thead><tbody><tr><td>6ES5 095-8AF0x<\/td><td>S5-95F<\/td><td>16\/20 kByte<\/td><td>fehlersicher<\/td><\/tr><tr><td>6ES5 095-8MA0x<\/td><td>S5-95U<\/td><td>8\/8, 16 kByte<\/td><td>Basisger\u00e4t, Onboard 16 bin\u00e4re Ein- und Ausg\u00e4nge, 8 analoge Eing\u00e4nge, 1 analoger Ausgang, 4 Alarm-\/Z\u00e4hlereing\u00e4nge, integrierte Uhr<\/td><\/tr><tr><td>6ES5 095-8MB0x<\/td><td>S5-95U<\/td><td>16, 20 kByte<\/td><td>zus\u00e4tzliche SINEC L2-Schnittstelle (<a href=\"https:\/\/de.wikipedia.org\/wiki\/PROFIBUS\">PROFIBUS<\/a>)<\/td><\/tr><tr><td>6ES5 095-8MC0x<\/td><td>S5-95U<\/td><td>8\/8, 16, 20 kByte<\/td><td>zus\u00e4tzliche serielle Programmier-, L1-BUS-, ASCII-Schnittstelle<\/td><\/tr><tr><td>6ES5 095-8MD0x<\/td><td>S5-95U<\/td><td>16\/20 kByte<\/td><td>zus\u00e4tzliche PROFIBUS-DP-Slave-Schnittstelle<\/td><\/tr><tr><td>6ES5 095-8ME0x<\/td><td>S5-95U<\/td><td>16\/20 kByte<\/td><td>zus\u00e4tzliche PROFIBUS-DP-Master-Schnittstelle<\/td><\/tr><\/tbody><\/table><\/figure>\n\n\n\n<figure class=\"wp-block-gallery has-nested-images columns-default is-cropped wp-block-gallery-1 is-layout-flex wp-block-gallery-is-layout-flex\">\n<figure class=\"wp-block-image size-large\"><a href=\"https:\/\/s5.mikrocontroller.bplaced.net\/blog\/wp-content\/uploads\/2023\/03\/S5-95F-01.jpg\"><img loading=\"lazy\" decoding=\"async\" width=\"1024\" height=\"683\" data-id=\"82\" src=\"https:\/\/s5.mikrocontroller.bplaced.net\/blog\/wp-content\/uploads\/2023\/03\/S5-95F-01-1024x683.jpg\" alt=\"\" class=\"wp-image-82\" srcset=\"https:\/\/s5.mikrocontroller.bplaced.net\/blog\/wp-content\/uploads\/2023\/03\/S5-95F-01-1024x683.jpg 1024w, https:\/\/s5.mikrocontroller.bplaced.net\/blog\/wp-content\/uploads\/2023\/03\/S5-95F-01-300x200.jpg 300w, https:\/\/s5.mikrocontroller.bplaced.net\/blog\/wp-content\/uploads\/2023\/03\/S5-95F-01-768x512.jpg 768w, https:\/\/s5.mikrocontroller.bplaced.net\/blog\/wp-content\/uploads\/2023\/03\/S5-95F-01-1536x1024.jpg 1536w, https:\/\/s5.mikrocontroller.bplaced.net\/blog\/wp-content\/uploads\/2023\/03\/S5-95F-01.jpg 1600w\" sizes=\"auto, (max-width: 1024px) 100vw, 1024px\" \/><\/a><\/figure>\n\n\n\n<figure class=\"wp-block-image size-large\"><a href=\"https:\/\/s5.mikrocontroller.bplaced.net\/blog\/wp-content\/uploads\/2023\/03\/S5-95F-02.jpg\"><img loading=\"lazy\" decoding=\"async\" width=\"1024\" height=\"683\" data-id=\"83\" src=\"https:\/\/s5.mikrocontroller.bplaced.net\/blog\/wp-content\/uploads\/2023\/03\/S5-95F-02-1024x683.jpg\" alt=\"\" class=\"wp-image-83\" srcset=\"https:\/\/s5.mikrocontroller.bplaced.net\/blog\/wp-content\/uploads\/2023\/03\/S5-95F-02-1024x683.jpg 1024w, https:\/\/s5.mikrocontroller.bplaced.net\/blog\/wp-content\/uploads\/2023\/03\/S5-95F-02-300x200.jpg 300w, https:\/\/s5.mikrocontroller.bplaced.net\/blog\/wp-content\/uploads\/2023\/03\/S5-95F-02-768x512.jpg 768w, https:\/\/s5.mikrocontroller.bplaced.net\/blog\/wp-content\/uploads\/2023\/03\/S5-95F-02-1536x1024.jpg 1536w, https:\/\/s5.mikrocontroller.bplaced.net\/blog\/wp-content\/uploads\/2023\/03\/S5-95F-02.jpg 1600w\" sizes=\"auto, (max-width: 1024px) 100vw, 1024px\" \/><\/a><\/figure>\n\n\n\n<figure class=\"wp-block-image size-large\"><a href=\"https:\/\/s5.mikrocontroller.bplaced.net\/blog\/wp-content\/uploads\/2023\/03\/S5-95F-03.jpg\"><img loading=\"lazy\" decoding=\"async\" width=\"1024\" height=\"683\" data-id=\"84\" src=\"https:\/\/s5.mikrocontroller.bplaced.net\/blog\/wp-content\/uploads\/2023\/03\/S5-95F-03-1024x683.jpg\" alt=\"\" class=\"wp-image-84\" srcset=\"https:\/\/s5.mikrocontroller.bplaced.net\/blog\/wp-content\/uploads\/2023\/03\/S5-95F-03-1024x683.jpg 1024w, https:\/\/s5.mikrocontroller.bplaced.net\/blog\/wp-content\/uploads\/2023\/03\/S5-95F-03-300x200.jpg 300w, https:\/\/s5.mikrocontroller.bplaced.net\/blog\/wp-content\/uploads\/2023\/03\/S5-95F-03-768x512.jpg 768w, https:\/\/s5.mikrocontroller.bplaced.net\/blog\/wp-content\/uploads\/2023\/03\/S5-95F-03-1536x1024.jpg 1536w, https:\/\/s5.mikrocontroller.bplaced.net\/blog\/wp-content\/uploads\/2023\/03\/S5-95F-03.jpg 1600w\" sizes=\"auto, (max-width: 1024px) 100vw, 1024px\" \/><\/a><\/figure>\n\n\n\n<figure class=\"wp-block-image size-large\"><a href=\"https:\/\/s5.mikrocontroller.bplaced.net\/blog\/wp-content\/uploads\/2023\/03\/S5-95F-04.jpg\"><img loading=\"lazy\" decoding=\"async\" width=\"1024\" height=\"683\" data-id=\"85\" src=\"https:\/\/s5.mikrocontroller.bplaced.net\/blog\/wp-content\/uploads\/2023\/03\/S5-95F-04-1024x683.jpg\" alt=\"\" class=\"wp-image-85\" srcset=\"https:\/\/s5.mikrocontroller.bplaced.net\/blog\/wp-content\/uploads\/2023\/03\/S5-95F-04-1024x683.jpg 1024w, https:\/\/s5.mikrocontroller.bplaced.net\/blog\/wp-content\/uploads\/2023\/03\/S5-95F-04-300x200.jpg 300w, https:\/\/s5.mikrocontroller.bplaced.net\/blog\/wp-content\/uploads\/2023\/03\/S5-95F-04-768x512.jpg 768w, https:\/\/s5.mikrocontroller.bplaced.net\/blog\/wp-content\/uploads\/2023\/03\/S5-95F-04-1536x1024.jpg 1536w, https:\/\/s5.mikrocontroller.bplaced.net\/blog\/wp-content\/uploads\/2023\/03\/S5-95F-04.jpg 1600w\" sizes=\"auto, (max-width: 1024px) 100vw, 1024px\" \/><\/a><\/figure>\n\n\n\n<figure class=\"wp-block-image size-large\"><a href=\"https:\/\/s5.mikrocontroller.bplaced.net\/blog\/wp-content\/uploads\/2023\/03\/S5-95U-01-1.jpg\"><img loading=\"lazy\" decoding=\"async\" width=\"1024\" height=\"768\" data-id=\"86\" src=\"https:\/\/s5.mikrocontroller.bplaced.net\/blog\/wp-content\/uploads\/2023\/03\/S5-95U-01-1-1024x768.jpg\" alt=\"\" class=\"wp-image-86\" srcset=\"https:\/\/s5.mikrocontroller.bplaced.net\/blog\/wp-content\/uploads\/2023\/03\/S5-95U-01-1-1024x768.jpg 1024w, https:\/\/s5.mikrocontroller.bplaced.net\/blog\/wp-content\/uploads\/2023\/03\/S5-95U-01-1-300x225.jpg 300w, https:\/\/s5.mikrocontroller.bplaced.net\/blog\/wp-content\/uploads\/2023\/03\/S5-95U-01-1-768x576.jpg 768w, https:\/\/s5.mikrocontroller.bplaced.net\/blog\/wp-content\/uploads\/2023\/03\/S5-95U-01-1-1536x1152.jpg 1536w, https:\/\/s5.mikrocontroller.bplaced.net\/blog\/wp-content\/uploads\/2023\/03\/S5-95U-01-1.jpg 1600w\" sizes=\"auto, (max-width: 1024px) 100vw, 1024px\" \/><\/a><\/figure>\n\n\n\n<figure class=\"wp-block-image size-large\"><a href=\"https:\/\/s5.mikrocontroller.bplaced.net\/blog\/wp-content\/uploads\/2023\/03\/S5-95U-02.jpg\"><img loading=\"lazy\" decoding=\"async\" width=\"1024\" height=\"768\" data-id=\"87\" src=\"https:\/\/s5.mikrocontroller.bplaced.net\/blog\/wp-content\/uploads\/2023\/03\/S5-95U-02-1024x768.jpg\" alt=\"\" class=\"wp-image-87\" srcset=\"https:\/\/s5.mikrocontroller.bplaced.net\/blog\/wp-content\/uploads\/2023\/03\/S5-95U-02-1024x768.jpg 1024w, https:\/\/s5.mikrocontroller.bplaced.net\/blog\/wp-content\/uploads\/2023\/03\/S5-95U-02-300x225.jpg 300w, https:\/\/s5.mikrocontroller.bplaced.net\/blog\/wp-content\/uploads\/2023\/03\/S5-95U-02-768x576.jpg 768w, https:\/\/s5.mikrocontroller.bplaced.net\/blog\/wp-content\/uploads\/2023\/03\/S5-95U-02-1536x1152.jpg 1536w, https:\/\/s5.mikrocontroller.bplaced.net\/blog\/wp-content\/uploads\/2023\/03\/S5-95U-02.jpg 1600w\" sizes=\"auto, (max-width: 1024px) 100vw, 1024px\" \/><\/a><\/figure>\n<\/figure>\n\n\n\n<p>Wenn es um Automatisierungssysteme geht, ist das SIEMENS Simatic S5 95U Steuerungssystem eine der \u00e4lteren Optionen auf dem Markt. Aber trotz seines Alters hat es immer noch einen wichtigen Platz in der Industrie.<\/p>\n\n\n\n<p>Das System wurde in den 1990er Jahren eingef\u00fchrt und verf\u00fcgt \u00fcber eine CPU, die auf dem 80C535-Prozessor basiert. Es hat einen Speicher von 32 KByte, der je nach Modell variieren kann. Es arbeitet bei einer Betriebsspannung von 24V DC und kann bei Temperaturen zwischen 0\u00b0C und 60\u00b0C betrieben werden. Das System hat auch eine Schutzklasse von IP20, was bedeutet, dass es vor Fremdk\u00f6rpern, aber nicht gegen Wasser gesch\u00fctzt ist.<\/p>\n\n\n\n<p>Eine der wichtigsten Eigenschaften des SIEMENS Simatic S5 95U ist, dass es die Programmiersprache Step-5 verwendet. Step-5 ist eine standardisierte Sprache, die einfach zu erlernen und anzuwenden ist. Dies macht das System f\u00fcr erfahrene Automatisierungstechniker leicht zu programmieren und zu warten.<\/p>\n\n\n\n<p>Das SIEMENS Simatic S5 95U verf\u00fcgt auch \u00fcber Kommunikationsschnittstellen wie RS232, RS422 und RS485. Diese Schnittstellen erm\u00f6glichen es, das System mit anderen Ger\u00e4ten und Steuerungen zu verbinden und somit eine reibungslose und effektive Produktion zu gew\u00e4hrleisten.<\/p>\n\n\n\n<p>Obwohl das SIEMENS Simatic S5 95U ein \u00e4lteres System ist, wird es immer noch in einigen Anlagen eingesetzt. Dies liegt daran, dass es zuverl\u00e4ssig und einfach zu bedienen ist und nicht die neuesten und komplexesten Funktionen ben\u00f6tigt. In einigen Branchen, wie zum Beispiel der Lebensmittelproduktion, wird das System aufgrund seiner einfachen Bedienung und der M\u00f6glichkeit, in rauen Umgebungen zu arbeiten, bevorzugt.<\/p>\n\n\n\n<p>Allerdings gibt es auch modernere Modelle, die leistungsf\u00e4higer und funktionsreicher sind als das SIEMENS Simatic S5 95U. In einigen F\u00e4llen kann es sinnvoller sein, in ein neues System zu investieren, um die Effizienz und Produktivit\u00e4t zu steigern. Dennoch kann das SIEMENS Simatic S5 95U eine kosteneffektive Option f\u00fcr Anlagen sein, die nicht die neuesten und komplexesten Funktionen ben\u00f6tigen.<\/p>\n\n\n\n<p>Insgesamt bietet das SIEMENS Simatic S5 95U eine solide Leistung und ist eine vertrauensw\u00fcrdige Option f\u00fcr Anwendungen in der Industrie. Auch wenn es nicht mehr das neueste System auf dem Markt ist, kann es immer noch eine wertvolle Ressource f\u00fcr Unternehmen sein, die nach einer zuverl\u00e4ssigen und kosteneffektiven Automatisierungsl\u00f6sung suchen.<\/p>\n\n\n\n<p>Technische Daten:<\/p>\n\n\n\n<ul class=\"wp-block-list\">\n<li>CPU: basierend auf dem 80C535-Prozessor<\/li>\n\n\n\n<li>Speicher: 32 KByte (je nach Modell variabel)<\/li>\n\n\n\n<li>Betriebsspannung: 24V DC<\/li>\n\n\n\n<li>Arbeitstemperaturbereich: 0\u00b0C bis 60\u00b0C<\/li>\n\n\n\n<li>Schutzklasse: IP20<\/li>\n\n\n\n<li>Programmiersprache: Step-5<\/li>\n\n\n\n<li>Kommunikationsschnittstellen: RS232, RS422 und RS485<\/li>\n<\/ul>\n","protected":false},"excerpt":{"rendered":"<p>Simatic S5-95 \u2013 Kompaktes Kleinsteuerger\u00e4t CPUs 95er Serie System Interner Programm-\/Datenspeicher Besonderheiten 6ES5 095-8AF0x S5-95F 16\/20 kByte fehlersicher 6ES5 095-8MA0x S5-95U 8\/8, 16 kByte Basisger\u00e4t, Onboard 16 bin\u00e4re Ein- und Ausg\u00e4nge, 8 analoge Eing\u00e4nge, 1 analoger Ausgang, 4 Alarm-\/Z\u00e4hlereing\u00e4nge, integrierte &hellip; <a href=\"https:\/\/s5.mikrocontroller.bplaced.net\/blog\/simatic-s5-95\/\">Weiterlesen <span class=\"meta-nav\">&rarr;<\/span><\/a><\/p>\n","protected":false},"author":1,"featured_media":0,"parent":0,"menu_order":3,"comment_status":"open","ping_status":"closed","template":"","meta":{"footnotes":""},"class_list":["post-20","page","type-page","status-publish","hentry"],"_links":{"self":[{"href":"https:\/\/s5.mikrocontroller.bplaced.net\/blog\/wp-json\/wp\/v2\/pages\/20","targetHints":{"allow":["GET"]}}],"collection":[{"href":"https:\/\/s5.mikrocontroller.bplaced.net\/blog\/wp-json\/wp\/v2\/pages"}],"about":[{"href":"https:\/\/s5.mikrocontroller.bplaced.net\/blog\/wp-json\/wp\/v2\/types\/page"}],"author":[{"embeddable":true,"href":"https:\/\/s5.mikrocontroller.bplaced.net\/blog\/wp-json\/wp\/v2\/users\/1"}],"replies":[{"embeddable":true,"href":"https:\/\/s5.mikrocontroller.bplaced.net\/blog\/wp-json\/wp\/v2\/comments?post=20"}],"version-history":[{"count":7,"href":"https:\/\/s5.mikrocontroller.bplaced.net\/blog\/wp-json\/wp\/v2\/pages\/20\/revisions"}],"predecessor-version":[{"id":367,"href":"https:\/\/s5.mikrocontroller.bplaced.net\/blog\/wp-json\/wp\/v2\/pages\/20\/revisions\/367"}],"wp:attachment":[{"href":"https:\/\/s5.mikrocontroller.bplaced.net\/blog\/wp-json\/wp\/v2\/media?parent=20"}],"curies":[{"name":"wp","href":"https:\/\/api.w.org\/{rel}","templated":true}]}}