{"id":17,"date":"2023-03-05T22:21:31","date_gmt":"2023-03-05T22:21:31","guid":{"rendered":"https:\/\/s5.mikrocontroller.bplaced.net\/blog\/?page_id=17"},"modified":"2024-01-22T23:11:53","modified_gmt":"2024-01-22T22:11:53","slug":"simatic-s5-90u","status":"publish","type":"page","link":"https:\/\/s5.mikrocontroller.bplaced.net\/blog\/simatic-s5-90u\/","title":{"rendered":"Simatic S5-90U"},"content":{"rendered":"\n<p>Simatic S5-90U \u2013 Kompaktes Kleinsteuerger\u00e4t<\/p>\n\n\n\n<figure class=\"wp-block-image size-full\"><img loading=\"lazy\" decoding=\"async\" width=\"1024\" height=\"768\" src=\"https:\/\/s5.mikrocontroller.bplaced.net\/blog\/wp-content\/uploads\/2023\/03\/S5-90U-01.jpg\" alt=\"\" class=\"wp-image-74\" srcset=\"https:\/\/s5.mikrocontroller.bplaced.net\/blog\/wp-content\/uploads\/2023\/03\/S5-90U-01.jpg 1024w, https:\/\/s5.mikrocontroller.bplaced.net\/blog\/wp-content\/uploads\/2023\/03\/S5-90U-01-300x225.jpg 300w, https:\/\/s5.mikrocontroller.bplaced.net\/blog\/wp-content\/uploads\/2023\/03\/S5-90U-01-768x576.jpg 768w\" sizes=\"auto, (max-width: 1024px) 100vw, 1024px\" \/><\/figure>\n\n\n\n<ul class=\"wp-block-list\">\n<li><a href=\"https:\/\/s5.mikrocontroller.bplaced.net\/blog\/wp-content\/uploads\/2023\/03\/S5-90U_Anleitung_de.pdf\" data-type=\"attachment\" data-id=\"189\" target=\"_blank\" rel=\"noreferrer noopener\">S5-90U Anleitung (deutsch).pdf<\/a><\/li>\n\n\n\n<li><a href=\"https:\/\/s5.mikrocontroller.bplaced.net\/blog\/wp-content\/uploads\/2023\/03\/S5-90U_95U_Systemhandbuch_6ES5_998-8MA12_d.pdf\" data-type=\"attachment\" data-id=\"190\" target=\"_blank\" rel=\"noreferrer noopener\">S5-90U\/95U Systemhandbuch (deutsch).pdf<\/a><\/li>\n<\/ul>\n\n\n\n<figure class=\"wp-block-table\"><table><thead><tr><th>CPUs 90er Serie<\/th><th>Interner Programmspeicher<\/th><th>Besonderheiten<\/th><\/tr><\/thead><tbody><tr><td>6ES5 090-8MA0x<\/td><td>4 kByte RAM<\/td><td>230-V-Netzteil integriert, Onboard 10 bin\u00e4re Ein- und 6 Relais-Ausg\u00e4nge<\/td><\/tr><\/tbody><\/table><\/figure>\n\n\n\n<figure class=\"wp-block-gallery has-nested-images columns-default is-cropped wp-block-gallery-1 is-layout-flex wp-block-gallery-is-layout-flex\">\n<figure class=\"wp-block-image size-large\"><a href=\"https:\/\/s5.mikrocontroller.bplaced.net\/blog\/wp-content\/uploads\/2023\/03\/S5-90U-01-1.jpg\"><img loading=\"lazy\" decoding=\"async\" width=\"1024\" height=\"768\" data-id=\"78\" src=\"https:\/\/s5.mikrocontroller.bplaced.net\/blog\/wp-content\/uploads\/2023\/03\/S5-90U-01-1.jpg\" alt=\"\" class=\"wp-image-78\" srcset=\"https:\/\/s5.mikrocontroller.bplaced.net\/blog\/wp-content\/uploads\/2023\/03\/S5-90U-01-1.jpg 1024w, https:\/\/s5.mikrocontroller.bplaced.net\/blog\/wp-content\/uploads\/2023\/03\/S5-90U-01-1-300x225.jpg 300w, https:\/\/s5.mikrocontroller.bplaced.net\/blog\/wp-content\/uploads\/2023\/03\/S5-90U-01-1-768x576.jpg 768w\" sizes=\"auto, (max-width: 1024px) 100vw, 1024px\" \/><\/a><\/figure>\n\n\n\n<figure class=\"wp-block-image size-large\"><a href=\"https:\/\/s5.mikrocontroller.bplaced.net\/blog\/wp-content\/uploads\/2023\/03\/S5-90U-02.jpg\"><img loading=\"lazy\" decoding=\"async\" width=\"768\" height=\"1024\" data-id=\"76\" src=\"https:\/\/s5.mikrocontroller.bplaced.net\/blog\/wp-content\/uploads\/2023\/03\/S5-90U-02.jpg\" alt=\"\" class=\"wp-image-76\" srcset=\"https:\/\/s5.mikrocontroller.bplaced.net\/blog\/wp-content\/uploads\/2023\/03\/S5-90U-02.jpg 768w, https:\/\/s5.mikrocontroller.bplaced.net\/blog\/wp-content\/uploads\/2023\/03\/S5-90U-02-225x300.jpg 225w\" sizes=\"auto, (max-width: 768px) 100vw, 768px\" \/><\/a><\/figure>\n\n\n\n<figure class=\"wp-block-image size-large\"><a href=\"https:\/\/s5.mikrocontroller.bplaced.net\/blog\/wp-content\/uploads\/2023\/03\/S5-90U-03.jpg\"><img loading=\"lazy\" decoding=\"async\" width=\"768\" height=\"1024\" data-id=\"75\" src=\"https:\/\/s5.mikrocontroller.bplaced.net\/blog\/wp-content\/uploads\/2023\/03\/S5-90U-03.jpg\" alt=\"\" class=\"wp-image-75\" srcset=\"https:\/\/s5.mikrocontroller.bplaced.net\/blog\/wp-content\/uploads\/2023\/03\/S5-90U-03.jpg 768w, https:\/\/s5.mikrocontroller.bplaced.net\/blog\/wp-content\/uploads\/2023\/03\/S5-90U-03-225x300.jpg 225w\" sizes=\"auto, (max-width: 768px) 100vw, 768px\" \/><\/a><\/figure>\n\n\n\n<figure class=\"wp-block-image size-large\"><a href=\"https:\/\/s5.mikrocontroller.bplaced.net\/blog\/wp-content\/uploads\/2023\/03\/S5-90U-04.jpg\"><img loading=\"lazy\" decoding=\"async\" width=\"1024\" height=\"768\" data-id=\"77\" src=\"https:\/\/s5.mikrocontroller.bplaced.net\/blog\/wp-content\/uploads\/2023\/03\/S5-90U-04.jpg\" alt=\"\" class=\"wp-image-77\" srcset=\"https:\/\/s5.mikrocontroller.bplaced.net\/blog\/wp-content\/uploads\/2023\/03\/S5-90U-04.jpg 1024w, https:\/\/s5.mikrocontroller.bplaced.net\/blog\/wp-content\/uploads\/2023\/03\/S5-90U-04-300x225.jpg 300w, https:\/\/s5.mikrocontroller.bplaced.net\/blog\/wp-content\/uploads\/2023\/03\/S5-90U-04-768x576.jpg 768w\" sizes=\"auto, (max-width: 1024px) 100vw, 1024px\" \/><\/a><\/figure>\n<\/figure>\n\n\n\n<p>SIEMENS Simatic S5 90U ist ein Steuerungssystem, das in der industriellen Automatisierung eingesetzt wird, um die Produktion von verschiedenen Dingen zu automatisieren. Es ist ein \u00e4lteres Modell von Siemens Steuerungssystemen und wurde in den 1980er Jahren eingef\u00fchrt.<\/p>\n\n\n\n<p>Das System besteht aus einem Hauptprozessor, der Signale von verschiedenen Sensoren und Aktoren empf\u00e4ngt und Entscheidungen trifft, um die Maschinen oder Anlagen zu steuern. Die Programmierung erfolgt \u00fcber eine spezielle Programmiersprache namens Step-5, die es erm\u00f6glicht, das System an spezifische Anforderungen anzupassen.<\/p>\n\n\n\n<p>SIEMENS Simatic S5 90U wird in der Industrie eingesetzt, um sicherzustellen, dass Maschinen und Anlagen ordnungsgem\u00e4\u00df funktionieren und die Produktion so effizient wie m\u00f6glich ist. Es ist auch ein wichtiges Werkzeug, um die Sicherheit in industriellen Prozessen zu gew\u00e4hrleisten, da es dazu beitragen kann, Unf\u00e4lle und Fehler zu vermeiden.<\/p>\n\n\n\n<p>Trotz seiner \u00e4lteren Technologie wird das System immer noch in einigen Anlagen eingesetzt, da es zuverl\u00e4ssig und stabil ist. Allerdings kann es aufgrund seines Alters schwierig sein, Ersatzteile zu finden und den technischen Support zu erhalten. Siemens hat inzwischen neuere Modelle von Steuerungssystemen auf den Markt gebracht, die mit moderneren Technologien und Funktionen ausgestattet sind.<\/p>\n\n\n\n<p>Insgesamt ist SIEMENS Simatic S5 90U ein wichtiger Bestandteil der industriellen Automatisierung, insbesondere f\u00fcr \u00e4ltere Anlagen, die noch nicht auf neuere Systeme umgestellt wurden. Es hat in der Vergangenheit eine wichtige Rolle bei der Verbesserung der Produktionseffizienz und Sicherheit gespielt, und es wird immer noch von einigen Unternehmen genutzt.<\/p>\n\n\n\n<p>Technische Daten:<\/p>\n\n\n\n<ul class=\"wp-block-list\">\n<li>Speicher: interner Speicher RAM: 4 KByte<\/li>\n\n\n\n<li>Speichermodul: EPROM\/EEPROM<\/li>\n\n\n\n<li>Betriebsspannung: 115 V\/230 V AC<\/li>\n\n\n\n<li>Ausgangsspannung\n<ul class=\"wp-block-list\">\n<li>U 1 (f\u00fcr Geber) +24 V<\/li>\n\n\n\n<li>U 2 (f\u00fcr PG) +5,2 V<\/li>\n<\/ul>\n<\/li>\n\n\n\n<li>Ein- u. Ausg\u00e4nge (Onboard)\n<ul class=\"wp-block-list\">\n<li>Digitaleing\u00e4nge 8 (0..24V)\n<ul class=\"wp-block-list\">\n<li>32.0<\/li>\n\n\n\n<li>32.1<\/li>\n\n\n\n<li>32.2<\/li>\n\n\n\n<li>32.3<\/li>\n\n\n\n<li>32.4<\/li>\n\n\n\n<li>32.5<\/li>\n\n\n\n<li>32.6<\/li>\n\n\n\n<li>32.7<\/li>\n\n\n\n<li>33.0 Alarmeingang<\/li>\n\n\n\n<li>33.1 Z\u00e4hlereingang<\/li>\n<\/ul>\n<\/li>\n\n\n\n<li>Digitalausg\u00e4nge 6 (Relais-Kontakte)\n<ul class=\"wp-block-list\">\n<li>32.0<\/li>\n\n\n\n<li>32.1<\/li>\n\n\n\n<li>32.2<\/li>\n\n\n\n<li>32.3<\/li>\n\n\n\n<li>32.4<\/li>\n\n\n\n<li>32.5<\/li>\n<\/ul>\n<\/li>\n<\/ul>\n<\/li>\n\n\n\n<li>Bausteinarten: Anzahl (Bezeichnung)\n<ul class=\"wp-block-list\">\n<li>OB: 4 (OB1, OB3, OB21, OB22)<\/li>\n\n\n\n<li>PB: 64 (PB0 \u2026 PB63)<\/li>\n\n\n\n<li>SB: &#8211;<\/li>\n\n\n\n<li>FB: 64 (FB0 \u2026 FB63)<\/li>\n\n\n\n<li>DB: 62 (DB2 \u2026 DB63)<\/li>\n<\/ul>\n<\/li>\n\n\n\n<li>Darstellungsarten: AWL, FUP, KOP<\/li>\n<\/ul>\n\n\n\n<p>Zubeh\u00f6r zum Automatisierungsger\u00e4t:<\/p>\n\n\n\n<ul class=\"wp-block-list\">\n<li>Pufferbatterie, Lithium 1\/2 AA; 3,4 V\/850 mAh (6ES5 980-0MB11)<\/li>\n\n\n\n<li>Speichermodul (EPROM) 8 KByte (6ES5 375-8LA11)<\/li>\n\n\n\n<li>Speichermodul (EEPROM, Prog.>Nr. 202) 2 KByte (6ES5 375-8LC11)<\/li>\n\n\n\n<li>Speichermodul (EEPROM, Prog.>Nr. 211) 4 KByte (6ES5 375-8LC21)<\/li>\n\n\n\n<li>Simulator (digitale Eingabesignale) (6ES5 788-8MK11)<\/li>\n\n\n\n<li>Systemhandbuch S5-90U \/ 95U mit Anleitung S5-90U und S5-95U\n<ul class=\"wp-block-list\">\n<li>deutsch (6ES5 998-8MA12)<\/li>\n\n\n\n<li>englisch (6ES5 998-8MA22)<\/li>\n\n\n\n<li>franz\u00f6sisch (6ES5 998-8MA32)<\/li>\n\n\n\n<li>spanisch (6ES5 998-8MA42)<\/li>\n\n\n\n<li>italienisch (6ES5 998-8MA52)<\/li>\n<\/ul>\n<\/li>\n\n\n\n<li>Simulator (digitale Eingabesignale) (6ES5 788-8MK11)<\/li>\n\n\n\n<li>Anschaltung IM 90 (6ES5 090-8ME11)<\/li>\n\n\n\n<li>Programmierger\u00e4t PG 605U (6ES5 605-0UA12)<\/li>\n\n\n\n<li>PG 605U-Bedienungsanleitung (6ES5 998-0UP11)<\/li>\n\n\n\n<li>Text-Display TD 390 incl. Ger\u00e4tehandbuch (6ES5 390-0UA11)<\/li>\n\n\n\n<li>PC-Kabel RS232\/TTY (6ES5 734-1BD20)<\/li>\n<\/ul>\n","protected":false},"excerpt":{"rendered":"<p>Simatic S5-90U \u2013 Kompaktes Kleinsteuerger\u00e4t CPUs 90er Serie Interner Programmspeicher Besonderheiten 6ES5 090-8MA0x 4 kByte RAM 230-V-Netzteil integriert, Onboard 10 bin\u00e4re Ein- und 6 Relais-Ausg\u00e4nge SIEMENS Simatic S5 90U ist ein Steuerungssystem, das in der industriellen Automatisierung eingesetzt wird, um &hellip; <a href=\"https:\/\/s5.mikrocontroller.bplaced.net\/blog\/simatic-s5-90u\/\">Weiterlesen <span class=\"meta-nav\">&rarr;<\/span><\/a><\/p>\n","protected":false},"author":1,"featured_media":0,"parent":0,"menu_order":2,"comment_status":"open","ping_status":"closed","template":"","meta":{"footnotes":""},"class_list":["post-17","page","type-page","status-publish","hentry"],"_links":{"self":[{"href":"https:\/\/s5.mikrocontroller.bplaced.net\/blog\/wp-json\/wp\/v2\/pages\/17","targetHints":{"allow":["GET"]}}],"collection":[{"href":"https:\/\/s5.mikrocontroller.bplaced.net\/blog\/wp-json\/wp\/v2\/pages"}],"about":[{"href":"https:\/\/s5.mikrocontroller.bplaced.net\/blog\/wp-json\/wp\/v2\/types\/page"}],"author":[{"embeddable":true,"href":"https:\/\/s5.mikrocontroller.bplaced.net\/blog\/wp-json\/wp\/v2\/users\/1"}],"replies":[{"embeddable":true,"href":"https:\/\/s5.mikrocontroller.bplaced.net\/blog\/wp-json\/wp\/v2\/comments?post=17"}],"version-history":[{"count":11,"href":"https:\/\/s5.mikrocontroller.bplaced.net\/blog\/wp-json\/wp\/v2\/pages\/17\/revisions"}],"predecessor-version":[{"id":618,"href":"https:\/\/s5.mikrocontroller.bplaced.net\/blog\/wp-json\/wp\/v2\/pages\/17\/revisions\/618"}],"wp:attachment":[{"href":"https:\/\/s5.mikrocontroller.bplaced.net\/blog\/wp-json\/wp\/v2\/media?parent=17"}],"curies":[{"name":"wp","href":"https:\/\/api.w.org\/{rel}","templated":true}]}}