{"id":14,"date":"2023-03-05T22:18:20","date_gmt":"2023-03-05T22:18:20","guid":{"rendered":"https:\/\/s5.mikrocontroller.bplaced.net\/blog\/?page_id=14"},"modified":"2023-09-01T22:15:08","modified_gmt":"2023-09-01T22:15:08","slug":"simatic-s5","status":"publish","type":"page","link":"https:\/\/s5.mikrocontroller.bplaced.net\/blog\/","title":{"rendered":"Simatic S5"},"content":{"rendered":"\n<p>Hallo Simatic S5 Freunde,<br>hier entsteht ein Blog mit Informationen zu <strong>Siemens Simatic S5 Steuerungsanlagen<\/strong>. Lest bitte zuerst einmal <a href=\"https:\/\/s5.mikrocontroller.bplaced.net\/blog\/2023\/03\/04\/hello-world\/\" data-type=\"post\" data-id=\"1\">diesen Beitrag<\/a>, in dem ich euch erkl\u00e4re wieso dieser Blog entstanden ist. Danach k\u00f6nnt ihr entweder \u00fcber das Men\u00fc die Seiten aufrufen, welche euch interessieren &#8211; oder ihr lest die neuesten Blog Beitr\u00e4ge. Hinterlasst auch gerne eure Kommentare zu den einzelnen Themen &#8211; oder schreibt einfach, falls ihr Verbesserungsvorschl\u00e4ge habt.<\/p>\n\n\n\n<p><strong>Simatic<\/strong>&nbsp;ist ein Produktname der Firma&nbsp;<a href=\"https:\/\/de.wikipedia.org\/wiki\/Siemens\" target=\"_blank\" rel=\"noreferrer noopener\">Siemens<\/a>. Er wird f\u00fcr Produkte in der&nbsp;<a href=\"https:\/\/de.wikipedia.org\/wiki\/Automatisierungstechnik\" target=\"_blank\" rel=\"noreferrer noopener\">Automatisierungstechnik<\/a>, der&nbsp;<a href=\"https:\/\/de.wikipedia.org\/wiki\/Leittechnik\" target=\"_blank\" rel=\"noreferrer noopener\">Leittechnik<\/a>&nbsp;und der&nbsp;<a href=\"https:\/\/de.wikipedia.org\/wiki\/Manufacturing_Execution_System\" target=\"_blank\" rel=\"noreferrer noopener\">Manufacturing-Execution-Ebene<\/a>&nbsp;genutzt.<\/p>\n\n\n\n<p>1979 kam die <strong>Simatic S5<\/strong> mit gro\u00dfem Erfolg auf den Markt. Bis 1995 wurde sie st\u00e4ndig weiter entwickelt und ist bis 2020 bei Siemens teilweise immer noch verf\u00fcgbar. Erstmals wurden konsequent alle drei Darstellungsarten f\u00fcr das Anwenderprogramm angeboten: Anweisungsliste, Funktionsplan und Kontaktplan.<\/p>\n\n\n\n<ul class=\"wp-block-list\">\n<li><strong><a href=\"https:\/\/s5.mikrocontroller.bplaced.net\/blog\/simatic-s5-010\/\" data-type=\"page\" data-id=\"11\">Simatic S5-010<\/a><\/strong> \u2013 Modular aufgebautes Automatisierungsger\u00e4t<\/li>\n\n\n\n<li><strong><a href=\"https:\/\/s5.mikrocontroller.bplaced.net\/blog\/simatic-s5\/simatic-s5-90u\/\" data-type=\"page\" data-id=\"17\">Simatic S5-90U<\/a><\/strong> \u2013 Kompaktes Kleinsteuerger\u00e4t<\/li>\n\n\n\n<li><strong><a href=\"https:\/\/s5.mikrocontroller.bplaced.net\/blog\/simatic-s5\/simatic-s5-95\/\" data-type=\"page\" data-id=\"20\">Simatic S5-95<\/a><\/strong> \u2013 Kompaktes Kleinsteuerger\u00e4t<\/li>\n\n\n\n<li><strong><a href=\"https:\/\/s5.mikrocontroller.bplaced.net\/blog\/simatic-s5\/simatic-s5-100u\/\" data-type=\"page\" data-id=\"24\">Simatic S5-100U<\/a><\/strong> \u2013 Modular aufgebautes Kleinsteuerger\u00e4t<\/li>\n\n\n\n<li><strong><a href=\"https:\/\/s5.mikrocontroller.bplaced.net\/blog\/simatic-s5\/simatic-s5-101\/\" data-type=\"page\" data-id=\"26\">Simatic S5-101<\/a><\/strong> \u2013 Kompaktes Kleinsteuerger\u00e4t<\/li>\n\n\n\n<li><strong><a href=\"https:\/\/s5.mikrocontroller.bplaced.net\/blog\/simatic-s5\/simatic-s5-105r\/\" data-type=\"page\" data-id=\"28\">Simatic S5-105R<\/a><\/strong> \u2013 Modulares Automatisierungsger\u00e4t in 19-Zoll-Ausf\u00fchrung, Das &#8222;R&#8220; steht f\u00fcr Relais-Darstellung (Programmierung nur in KOP = Kontaktplan)<\/li>\n\n\n\n<li><strong><a href=\"https:\/\/s5.mikrocontroller.bplaced.net\/blog\/simatic-s5\/simatic-s5-110\/\" data-type=\"page\" data-id=\"30\">Simatic S5-110<\/a><\/strong> \u2013 Modulares Automatisierungsger\u00e4t<\/li>\n\n\n\n<li><strong><a href=\"https:\/\/s5.mikrocontroller.bplaced.net\/blog\/simatic-s5\/simatic-s5-115\/\" data-type=\"page\" data-id=\"32\">Simatic S5-115<\/a><\/strong> \u2013 Modular aufgebautes, mittleres Steuerger\u00e4t ohne L\u00fcfter, bei bestimmten Baugruppen musste eine L\u00fcfterzeile gesetzt werden und hatte unterschiedliche Speicherkapazit\u00e4ten je nach Ausgabestand; Speicher mit Steckmodulen erweiterbar<\/li>\n\n\n\n<li><strong><a href=\"https:\/\/s5.mikrocontroller.bplaced.net\/blog\/simatic-s5\/simatic-s5-130\/\" data-type=\"page\" data-id=\"34\">Simatic S5-130<\/a><\/strong> \u2013 Modulares Automatisierungsger\u00e4t der mittleren Leistungsklasse<\/li>\n\n\n\n<li><strong><a href=\"https:\/\/s5.mikrocontroller.bplaced.net\/blog\/simatic-s5\/simatic-s5-135u\/\" data-type=\"page\" data-id=\"36\">Simatic S5-135U<\/a><\/strong> \u2013 Dieses modular aufgebaute Automatisierungsger\u00e4t geh\u00f6rte zum mittleren Leistungsbereich der Simatic-S5-Ger\u00e4tereihe. Es handelt sich um das erste Simatic-Mehrprozessorsystem mit bis zu vier parallel betriebenen Zentralprozessoren. Jeder Zentralprozessor hat sein eigenes Programm, seine eigenen Merker, Zeiten und Z\u00e4hler. Alle Zentralprozessoren arbeiten mit demselben Peripheriebus; sie k\u00f6nnen \u00fcber Koppelmerker oder \u00fcber Datenbausteine untereinander Daten austauschen.<\/li>\n\n\n\n<li><strong><a href=\"https:\/\/s5.mikrocontroller.bplaced.net\/blog\/simatic-s5\/simatic-s5-150\/\" data-type=\"page\" data-id=\"38\">Simatic S5-150<\/a><\/strong> \u2013 Modular aufgebautes Steuerger\u00e4t mit L\u00fcfter f\u00fcr komplexe und zentral koordinierende Automatisierungsl\u00f6sungen, im Jahr 1980 auf den Markt gebracht wurde dieses speicherprogrammierbare Steuerungssystem mit Analogwertverarbeitung.<\/li>\n\n\n\n<li><strong><a href=\"https:\/\/s5.mikrocontroller.bplaced.net\/blog\/simatic-s5\/simatic-s5-155\/\" data-type=\"page\" data-id=\"42\">Simatic S5-155<\/a><\/strong> \u2013 modular aufgebautes, gro\u00dfes Steuerger\u00e4t mit L\u00fcfter f\u00fcr Einzel- und Mehrprozessorbetrieb<\/li>\n\n\n\n<li><a href=\"https:\/\/s5.mikrocontroller.bplaced.net\/blog\/simatic-s5-pgs\/\" data-type=\"page\" data-id=\"253\">Simatic S5 PGs<\/a> &#8211; Alles \u00fcber die Simatic S5 Programmierger\u00e4te (PG).<\/li>\n\n\n\n<li><strong><a href=\"https:\/\/s5.mikrocontroller.bplaced.net\/blog\/simatic-s7\/\" data-type=\"page\" data-id=\"2\">Simatic S7<\/a><\/strong> (seit 1994)<\/li>\n<\/ul>\n","protected":false},"excerpt":{"rendered":"<p>Hallo Simatic S5 Freunde,hier entsteht ein Blog mit Informationen zu Siemens Simatic S5 Steuerungsanlagen. Lest bitte zuerst einmal diesen Beitrag, in dem ich euch erkl\u00e4re wieso dieser Blog entstanden ist. Danach k\u00f6nnt ihr entweder \u00fcber das Men\u00fc die Seiten aufrufen, &hellip; <a href=\"https:\/\/s5.mikrocontroller.bplaced.net\/blog\/\">Weiterlesen <span class=\"meta-nav\">&rarr;<\/span><\/a><\/p>\n","protected":false},"author":1,"featured_media":0,"parent":0,"menu_order":0,"comment_status":"open","ping_status":"closed","template":"","meta":{"footnotes":""},"class_list":["post-14","page","type-page","status-publish","hentry"],"_links":{"self":[{"href":"https:\/\/s5.mikrocontroller.bplaced.net\/blog\/wp-json\/wp\/v2\/pages\/14","targetHints":{"allow":["GET"]}}],"collection":[{"href":"https:\/\/s5.mikrocontroller.bplaced.net\/blog\/wp-json\/wp\/v2\/pages"}],"about":[{"href":"https:\/\/s5.mikrocontroller.bplaced.net\/blog\/wp-json\/wp\/v2\/types\/page"}],"author":[{"embeddable":true,"href":"https:\/\/s5.mikrocontroller.bplaced.net\/blog\/wp-json\/wp\/v2\/users\/1"}],"replies":[{"embeddable":true,"href":"https:\/\/s5.mikrocontroller.bplaced.net\/blog\/wp-json\/wp\/v2\/comments?post=14"}],"version-history":[{"count":12,"href":"https:\/\/s5.mikrocontroller.bplaced.net\/blog\/wp-json\/wp\/v2\/pages\/14\/revisions"}],"predecessor-version":[{"id":467,"href":"https:\/\/s5.mikrocontroller.bplaced.net\/blog\/wp-json\/wp\/v2\/pages\/14\/revisions\/467"}],"wp:attachment":[{"href":"https:\/\/s5.mikrocontroller.bplaced.net\/blog\/wp-json\/wp\/v2\/media?parent=14"}],"curies":[{"name":"wp","href":"https:\/\/api.w.org\/{rel}","templated":true}]}}